{"id":112,"date":"2025-05-13T09:44:43","date_gmt":"2025-05-13T09:44:43","guid":{"rendered":"https:\/\/ditattoo.com\/?page_id=112"},"modified":"2025-06-13T08:59:21","modified_gmt":"2025-06-13T08:59:21","slug":"dich-vu","status":"publish","type":"page","link":"https:\/\/ditattoo.com\/en\/dich-vu\/","title":{"rendered":"Service"},"content":{"rendered":"<h3 class=\"wp-block-heading\"><strong>Services at Di Tattoo<\/strong><\/h3>\n\n\n\n<p>Di Tattoo is proud to provide a variety of services such as Artistic Tattoos, Piercings, Tattoo Removal and Tattoo Removal, fully meeting the beauty needs and expressing the personality of each customer.<\/p>\n\n\n\n<p><\/p>","protected":false},"excerpt":{"rendered":"<p>C\u00e1c d\u1ecbch v\u1ee5 t\u1ea1i D\u1ecb Tattoo D\u1ecb Tattoo t\u1ef1 h\u00e0o cung c\u1ea5p c\u00e1c d\u1ecbch v\u1ee5 \u0111a d\u1ea1ng nh\u01b0 X\u0103m h\u00ecnh ngh\u1ec7 thu\u1eadt, X\u1ecf khuy\u00ean, G\u0103m bi v\u00e0 X\u00f3a x\u0103m, \u0111\u00e1p \u1ee9ng \u0111\u1ea7y \u0111\u1ee7 nhu c\u1ea7u l\u00e0m \u0111\u1eb9p v\u00e0 th\u1ec3 hi\u1ec7n c\u00e1 t\u00ednh c\u1ee7a m\u1ed7i kh\u00e1ch h\u00e0ng.<\/p>","protected":false},"author":1,"featured_media":0,"parent":0,"menu_order":0,"comment_status":"closed","ping_status":"closed","template":"page-template\/dich-vu.php","meta":{"footnotes":""},"class_list":["post-112","page","type-page","status-publish","hentry"],"yoast_head":"<!-- This site is optimized with the Yoast SEO plugin v24.9 - https:\/\/yoast.com\/wordpress\/plugins\/seo\/ -->\n<title>D\u1ecbch V\u1ee5 - D\u1ecb Tattoo<\/title>\n<meta name=\"robots\" content=\"index, follow, max-snippet:-1, max-image-preview:large, max-video-preview:-1\" \/>\n<link rel=\"canonical\" href=\"https:\/\/ditattoo.com\/en\/dich-vu\/\" \/>\n<meta property=\"og:locale\" content=\"en_US\" \/>\n<meta property=\"og:type\" content=\"article\" \/>\n<meta property=\"og:title\" content=\"D\u1ecbch V\u1ee5 - D\u1ecb Tattoo\" \/>\n<meta property=\"og:description\" content=\"C\u00e1c d\u1ecbch v\u1ee5 t\u1ea1i D\u1ecb Tattoo D\u1ecb Tattoo t\u1ef1 h\u00e0o cung c\u1ea5p c\u00e1c d\u1ecbch v\u1ee5 \u0111a d\u1ea1ng nh\u01b0 X\u0103m h\u00ecnh ngh\u1ec7 thu\u1eadt, X\u1ecf khuy\u00ean, G\u0103m bi v\u00e0 X\u00f3a x\u0103m, \u0111\u00e1p \u1ee9ng \u0111\u1ea7y \u0111\u1ee7 nhu c\u1ea7u l\u00e0m \u0111\u1eb9p v\u00e0 th\u1ec3 hi\u1ec7n c\u00e1 t\u00ednh c\u1ee7a m\u1ed7i kh\u00e1ch h\u00e0ng.\" \/>\n<meta property=\"og:url\" content=\"https:\/\/ditattoo.com\/en\/dich-vu\/\" \/>\n<meta property=\"og:site_name\" content=\"D\u1ecb Tattoo\" \/>\n<meta property=\"article:modified_time\" content=\"2025-06-13T08:59:21+00:00\" \/>\n<meta name=\"twitter:card\" content=\"summary_large_image\" \/>\n<meta name=\"twitter:label1\" content=\"Est. reading time\" \/>\n\t<meta name=\"twitter:data1\" content=\"1 minute\" \/>\n<script type=\"application\/ld+json\" class=\"yoast-schema-graph\">{\"@context\":\"https:\/\/schema.org\",\"@graph\":[{\"@type\":\"WebPage\",\"@id\":\"https:\/\/ditattoo.com\/dich-vu\/\",\"url\":\"https:\/\/ditattoo.com\/dich-vu\/\",\"name\":\"D\u1ecbch V\u1ee5 - D\u1ecb Tattoo\",\"isPartOf\":{\"@id\":\"https:\/\/ditattoo.com\/#website\"},\"datePublished\":\"2025-05-13T09:44:43+00:00\",\"dateModified\":\"2025-06-13T08:59:21+00:00\",\"breadcrumb\":{\"@id\":\"https:\/\/ditattoo.com\/dich-vu\/#breadcrumb\"},\"inLanguage\":\"en-US\",\"potentialAction\":[{\"@type\":\"ReadAction\",\"target\":[\"https:\/\/ditattoo.com\/dich-vu\/\"]}]},{\"@type\":\"BreadcrumbList\",\"@id\":\"https:\/\/ditattoo.com\/dich-vu\/#breadcrumb\",\"itemListElement\":[{\"@type\":\"ListItem\",\"position\":1,\"name\":\"Home\",\"item\":\"https:\/\/ditattoo.com\/cinematic-home\/\"},{\"@type\":\"ListItem\",\"position\":2,\"name\":\"D\u1ecbch V\u1ee5\"}]},{\"@type\":\"WebSite\",\"@id\":\"https:\/\/ditattoo.com\/#website\",\"url\":\"https:\/\/ditattoo.com\/\",\"name\":\"D\u1ecb Tattoo\",\"description\":\"D\u1ecb Tattoo chu\u1ed7i c\u1eeda h\u00e0ng x\u0103m h\u00ecnh ngh\u1ec7 thu\u1eadt t\u1ea1i Vi\u1ec7t Nam\",\"publisher\":{\"@id\":\"https:\/\/ditattoo.com\/#organization\"},\"potentialAction\":[{\"@type\":\"SearchAction\",\"target\":{\"@type\":\"EntryPoint\",\"urlTemplate\":\"https:\/\/ditattoo.com\/?s={search_term_string}\"},\"query-input\":{\"@type\":\"PropertyValueSpecification\",\"valueRequired\":true,\"valueName\":\"search_term_string\"}}],\"inLanguage\":\"en-US\"},{\"@type\":\"Organization\",\"@id\":\"https:\/\/ditattoo.com\/#organization\",\"name\":\"D\u1ecb Tattoo\",\"url\":\"https:\/\/ditattoo.com\/\",\"logo\":{\"@type\":\"ImageObject\",\"inLanguage\":\"en-US\",\"@id\":\"https:\/\/ditattoo.com\/#\/schema\/logo\/image\/\",\"url\":\"https:\/\/ditattoo.com\/wp-content\/uploads\/2025\/05\/logo-white-01.png\",\"contentUrl\":\"https:\/\/ditattoo.com\/wp-content\/uploads\/2025\/05\/logo-white-01.png\",\"width\":1578,\"height\":676,\"caption\":\"D\u1ecb Tattoo\"},\"image\":{\"@id\":\"https:\/\/ditattoo.com\/#\/schema\/logo\/image\/\"}}]}<\/script>\n<!-- \/ Yoast SEO plugin. -->","yoast_head_json":{"title":"D\u1ecbch V\u1ee5 - D\u1ecb Tattoo","robots":{"index":"index","follow":"follow","max-snippet":"max-snippet:-1","max-image-preview":"max-image-preview:large","max-video-preview":"max-video-preview:-1"},"canonical":"https:\/\/ditattoo.com\/en\/dich-vu\/","og_locale":"en_US","og_type":"article","og_title":"D\u1ecbch V\u1ee5 - D\u1ecb Tattoo","og_description":"C\u00e1c d\u1ecbch v\u1ee5 t\u1ea1i D\u1ecb Tattoo D\u1ecb Tattoo t\u1ef1 h\u00e0o cung c\u1ea5p c\u00e1c d\u1ecbch v\u1ee5 \u0111a d\u1ea1ng nh\u01b0 X\u0103m h\u00ecnh ngh\u1ec7 thu\u1eadt, X\u1ecf khuy\u00ean, G\u0103m bi v\u00e0 X\u00f3a x\u0103m, \u0111\u00e1p \u1ee9ng \u0111\u1ea7y \u0111\u1ee7 nhu c\u1ea7u l\u00e0m \u0111\u1eb9p v\u00e0 th\u1ec3 hi\u1ec7n c\u00e1 t\u00ednh c\u1ee7a m\u1ed7i kh\u00e1ch h\u00e0ng.","og_url":"https:\/\/ditattoo.com\/en\/dich-vu\/","og_site_name":"D\u1ecb Tattoo","article_modified_time":"2025-06-13T08:59:21+00:00","twitter_card":"summary_large_image","twitter_misc":{"Est. reading time":"1 minute"},"schema":{"@context":"https:\/\/schema.org","@graph":[{"@type":"WebPage","@id":"https:\/\/ditattoo.com\/dich-vu\/","url":"https:\/\/ditattoo.com\/dich-vu\/","name":"D\u1ecbch V\u1ee5 - D\u1ecb Tattoo","isPartOf":{"@id":"https:\/\/ditattoo.com\/#website"},"datePublished":"2025-05-13T09:44:43+00:00","dateModified":"2025-06-13T08:59:21+00:00","breadcrumb":{"@id":"https:\/\/ditattoo.com\/dich-vu\/#breadcrumb"},"inLanguage":"en-US","potentialAction":[{"@type":"ReadAction","target":["https:\/\/ditattoo.com\/dich-vu\/"]}]},{"@type":"BreadcrumbList","@id":"https:\/\/ditattoo.com\/dich-vu\/#breadcrumb","itemListElement":[{"@type":"ListItem","position":1,"name":"Home","item":"https:\/\/ditattoo.com\/cinematic-home\/"},{"@type":"ListItem","position":2,"name":"D\u1ecbch V\u1ee5"}]},{"@type":"WebSite","@id":"https:\/\/ditattoo.com\/#website","url":"https:\/\/ditattoo.com\/","name":"D\u1ecb Tattoo","description":"D\u1ecb Tattoo chu\u1ed7i c\u1eeda h\u00e0ng x\u0103m h\u00ecnh ngh\u1ec7 thu\u1eadt t\u1ea1i Vi\u1ec7t Nam","publisher":{"@id":"https:\/\/ditattoo.com\/#organization"},"potentialAction":[{"@type":"SearchAction","target":{"@type":"EntryPoint","urlTemplate":"https:\/\/ditattoo.com\/?s={search_term_string}"},"query-input":{"@type":"PropertyValueSpecification","valueRequired":true,"valueName":"search_term_string"}}],"inLanguage":"en-US"},{"@type":"Organization","@id":"https:\/\/ditattoo.com\/#organization","name":"D\u1ecb Tattoo","url":"https:\/\/ditattoo.com\/","logo":{"@type":"ImageObject","inLanguage":"en-US","@id":"https:\/\/ditattoo.com\/#\/schema\/logo\/image\/","url":"https:\/\/ditattoo.com\/wp-content\/uploads\/2025\/05\/logo-white-01.png","contentUrl":"https:\/\/ditattoo.com\/wp-content\/uploads\/2025\/05\/logo-white-01.png","width":1578,"height":676,"caption":"D\u1ecb Tattoo"},"image":{"@id":"https:\/\/ditattoo.com\/#\/schema\/logo\/image\/"}}]}},"_links":{"self":[{"href":"https:\/\/ditattoo.com\/en\/wp-json\/wp\/v2\/pages\/112","targetHints":{"allow":["GET"]}}],"collection":[{"href":"https:\/\/ditattoo.com\/en\/wp-json\/wp\/v2\/pages"}],"about":[{"href":"https:\/\/ditattoo.com\/en\/wp-json\/wp\/v2\/types\/page"}],"author":[{"embeddable":true,"href":"https:\/\/ditattoo.com\/en\/wp-json\/wp\/v2\/users\/1"}],"replies":[{"embeddable":true,"href":"https:\/\/ditattoo.com\/en\/wp-json\/wp\/v2\/comments?post=112"}],"version-history":[{"count":3,"href":"https:\/\/ditattoo.com\/en\/wp-json\/wp\/v2\/pages\/112\/revisions"}],"predecessor-version":[{"id":283,"href":"https:\/\/ditattoo.com\/en\/wp-json\/wp\/v2\/pages\/112\/revisions\/283"}],"wp:attachment":[{"href":"https:\/\/ditattoo.com\/en\/wp-json\/wp\/v2\/media?parent=112"}],"curies":[{"name":"wp","href":"https:\/\/api.w.org\/{rel}","templated":true}]}}