{"id":118,"date":"2025-05-13T09:50:34","date_gmt":"2025-05-13T09:50:34","guid":{"rendered":"https:\/\/ditattoo.com\/?page_id=118"},"modified":"2025-05-22T03:50:23","modified_gmt":"2025-05-22T03:50:23","slug":"xo-khuyen","status":"publish","type":"page","link":"https:\/\/ditattoo.com\/en\/xo-khuyen\/","title":{"rendered":"Piercing"},"content":{"rendered":"<h3 class=\"wp-block-heading\">Piercing Service at Di Tattoo \u2013 Safe, Aesthetic, Unique<\/h3>\n\n\n\n<p>Not simply a beauty trend, piercing has become a way to express personality, style and confidence for many young people. At Di Tattoo, piercing services are performed by a team of professional technicians, providing a safe and absolutely aesthetic experience.<\/p>\n\n\n\n<p><strong>Consult carefully before piercing<\/strong><\/p>\n\n\n\n<figure class=\"wp-block-image size-full\"><img loading=\"lazy\" decoding=\"async\" width=\"2125\" height=\"2470\" src=\"https:\/\/ditattoo.com\/wp-content\/uploads\/2025\/05\/xo-khuyen-new.jpg\" alt=\"\" class=\"wp-image-395\"\/><\/figure>\n\n\n\n<p>Before performing, customers will be consulted in detail about the piercing positions suitable for the body, style and recovery ability. We always prioritize choosing the best option so that customers are both beautiful and safe.<\/p>\n\n\n\n<p><strong>Precise piercing technique \u2013 painless \u2013 quick recovery<\/strong><\/p>\n\n\n\n<p>Di Tattoo uses absolutely sterile instruments and quick piercing techniques, minimizing pain. We pay attention to each step to ensure a beautiful, neat piercing, minimize swelling and heal easily.<\/p>\n\n\n\n<p><strong>Variety of locations and designs<\/strong><\/p>\n\n\n\n<p>From ear, nose, tongue, navel piercing to more personal locations such as lips, eyebrows, chest... Di Tattoo can meet all of them. In addition, customers can choose from a variety of high-quality piercing models - rust-free - non-irritating.<\/p>\n\n\n\n<p><strong>Professional aftercare<\/strong><\/p>\n\n\n\n<p>Customers will be carefully instructed on post-piercing care, helping the wound heal quickly and leave no scars. The staff will always accompany you throughout the recovery process.<\/p>\n\n\n\n<p><strong>Commitment from Di Tattoo<\/strong><\/p>\n\n\n\n<ul class=\"wp-block-list\">\n<li>100% sterile instruments \u2013 absolutely safe<\/li>\n\n\n\n<li>Experienced specialist<\/li>\n\n\n\n<li>Warranty support and after-sales care<\/li>\n\n\n\n<li>Private space - clean - comfortable<\/li>\n<\/ul>\n\n\n\n<p>Di Tattoo not only helps you get beautiful piercings, but is also a place where you find absolute peace of mind and satisfaction in every experience!<\/p>","protected":false},"excerpt":{"rendered":"<p>D\u1ecbch V\u1ee5 X\u1ecf Khuy\u00ean T\u1ea1i D\u1ecb Tattoo \u2013 An To\u00e0n, Th\u1ea9m M\u1ef9, C\u00e1 T\u00ednh Kh\u00f4ng \u0111\u01a1n thu\u1ea7n ch\u1ec9 l\u00e0 m\u1ed9t xu h\u01b0\u1edbng l\u00e0m \u0111\u1eb9p, x\u1ecf khuy\u00ean \u0111\u00e3 tr\u1edf th\u00e0nh c\u00e1ch th\u1ec3 hi\u1ec7n c\u00e1 t\u00ednh, phong c\u00e1ch v\u00e0 s\u1ef1 t\u1ef1 tin c\u1ee7a nhi\u1ec1u b\u1ea1n tr\u1ebb. T\u1ea1i D\u1ecb Tattoo, d\u1ecbch v\u1ee5 x\u1ecf khuy\u00ean \u0111\u01b0\u1ee3c th\u1ef1c hi\u1ec7n b\u1edfi [&hellip;]<\/p>","protected":false},"author":1,"featured_media":0,"parent":0,"menu_order":0,"comment_status":"closed","ping_status":"closed","template":"page-template\/dich-vu-detail.php","meta":{"footnotes":""},"class_list":["post-118","page","type-page","status-publish","hentry"],"yoast_head":"<!-- This site is optimized with the Yoast SEO plugin v24.9 - https:\/\/yoast.com\/wordpress\/plugins\/seo\/ -->\n<title>X\u1ecf khuy\u00ean - D\u1ecb Tattoo<\/title>\n<meta name=\"description\" content=\"D\u1ecbch V\u1ee5 X\u1ecf Khuy\u00ean T\u1ea1i D\u1ecb Tattoo \u2013 An To\u00e0n, Th\u1ea9m M\u1ef9, C\u00e1 T\u00ednh Kh\u00f4ng \u0111\u01a1n thu\u1ea7n ch\u1ec9 l\u00e0 m\u1ed9t xu h\u01b0\u1edbng l\u00e0m \u0111\u1eb9p d\u1ecbch v\u1ee5 x\u1ecf khuy\u00ean \u0111\u01b0\u1ee3c th\" \/>\n<meta name=\"robots\" content=\"index, follow, max-snippet:-1, max-image-preview:large, max-video-preview:-1\" \/>\n<link rel=\"canonical\" href=\"https:\/\/ditattoo.com\/en\/xo-khuyen\/\" \/>\n<meta property=\"og:locale\" content=\"en_US\" \/>\n<meta property=\"og:type\" content=\"article\" \/>\n<meta property=\"og:title\" content=\"X\u1ecf khuy\u00ean - D\u1ecb Tattoo\" \/>\n<meta property=\"og:description\" content=\"D\u1ecbch V\u1ee5 X\u1ecf Khuy\u00ean T\u1ea1i D\u1ecb Tattoo \u2013 An To\u00e0n, Th\u1ea9m M\u1ef9, C\u00e1 T\u00ednh Kh\u00f4ng \u0111\u01a1n thu\u1ea7n ch\u1ec9 l\u00e0 m\u1ed9t xu h\u01b0\u1edbng l\u00e0m \u0111\u1eb9p d\u1ecbch v\u1ee5 x\u1ecf khuy\u00ean \u0111\u01b0\u1ee3c th\" \/>\n<meta property=\"og:url\" content=\"https:\/\/ditattoo.com\/en\/xo-khuyen\/\" \/>\n<meta property=\"og:site_name\" content=\"D\u1ecb Tattoo\" \/>\n<meta property=\"article:modified_time\" content=\"2025-05-22T03:50:23+00:00\" \/>\n<meta property=\"og:image\" content=\"https:\/\/ditattoo.com\/wp-content\/uploads\/2025\/05\/xo-khuyen-new.jpg\" \/>\n<meta name=\"twitter:card\" content=\"summary_large_image\" \/>\n<meta name=\"twitter:label1\" content=\"Est. reading time\" \/>\n\t<meta name=\"twitter:data1\" content=\"3 minutes\" \/>\n<script type=\"application\/ld+json\" class=\"yoast-schema-graph\">{\"@context\":\"https:\/\/schema.org\",\"@graph\":[{\"@type\":\"WebPage\",\"@id\":\"https:\/\/ditattoo.com\/xo-khuyen\/\",\"url\":\"https:\/\/ditattoo.com\/xo-khuyen\/\",\"name\":\"X\u1ecf khuy\u00ean - D\u1ecb Tattoo\",\"isPartOf\":{\"@id\":\"https:\/\/ditattoo.com\/#website\"},\"primaryImageOfPage\":{\"@id\":\"https:\/\/ditattoo.com\/xo-khuyen\/#primaryimage\"},\"image\":{\"@id\":\"https:\/\/ditattoo.com\/xo-khuyen\/#primaryimage\"},\"thumbnailUrl\":\"https:\/\/ditattoo.com\/wp-content\/uploads\/2025\/05\/xo-khuyen-new.jpg\",\"datePublished\":\"2025-05-13T09:50:34+00:00\",\"dateModified\":\"2025-05-22T03:50:23+00:00\",\"description\":\"D\u1ecbch V\u1ee5 X\u1ecf Khuy\u00ean T\u1ea1i D\u1ecb Tattoo \u2013 An To\u00e0n, Th\u1ea9m M\u1ef9, C\u00e1 T\u00ednh Kh\u00f4ng \u0111\u01a1n thu\u1ea7n ch\u1ec9 l\u00e0 m\u1ed9t xu h\u01b0\u1edbng l\u00e0m \u0111\u1eb9p d\u1ecbch v\u1ee5 x\u1ecf khuy\u00ean \u0111\u01b0\u1ee3c th\",\"breadcrumb\":{\"@id\":\"https:\/\/ditattoo.com\/xo-khuyen\/#breadcrumb\"},\"inLanguage\":\"en-US\",\"potentialAction\":[{\"@type\":\"ReadAction\",\"target\":[\"https:\/\/ditattoo.com\/xo-khuyen\/\"]}]},{\"@type\":\"ImageObject\",\"inLanguage\":\"en-US\",\"@id\":\"https:\/\/ditattoo.com\/xo-khuyen\/#primaryimage\",\"url\":\"https:\/\/ditattoo.com\/wp-content\/uploads\/2025\/05\/xo-khuyen-new.jpg\",\"contentUrl\":\"https:\/\/ditattoo.com\/wp-content\/uploads\/2025\/05\/xo-khuyen-new.jpg\"},{\"@type\":\"BreadcrumbList\",\"@id\":\"https:\/\/ditattoo.com\/xo-khuyen\/#breadcrumb\",\"itemListElement\":[{\"@type\":\"ListItem\",\"position\":1,\"name\":\"Home\",\"item\":\"https:\/\/ditattoo.com\/cinematic-home\/\"},{\"@type\":\"ListItem\",\"position\":2,\"name\":\"X\u1ecf khuy\u00ean\"}]},{\"@type\":\"WebSite\",\"@id\":\"https:\/\/ditattoo.com\/#website\",\"url\":\"https:\/\/ditattoo.com\/\",\"name\":\"D\u1ecb Tattoo\",\"description\":\"D\u1ecb Tattoo chu\u1ed7i c\u1eeda h\u00e0ng x\u0103m h\u00ecnh ngh\u1ec7 thu\u1eadt t\u1ea1i Vi\u1ec7t Nam\",\"publisher\":{\"@id\":\"https:\/\/ditattoo.com\/#organization\"},\"potentialAction\":[{\"@type\":\"SearchAction\",\"target\":{\"@type\":\"EntryPoint\",\"urlTemplate\":\"https:\/\/ditattoo.com\/?s={search_term_string}\"},\"query-input\":{\"@type\":\"PropertyValueSpecification\",\"valueRequired\":true,\"valueName\":\"search_term_string\"}}],\"inLanguage\":\"en-US\"},{\"@type\":\"Organization\",\"@id\":\"https:\/\/ditattoo.com\/#organization\",\"name\":\"D\u1ecb Tattoo\",\"url\":\"https:\/\/ditattoo.com\/\",\"logo\":{\"@type\":\"ImageObject\",\"inLanguage\":\"en-US\",\"@id\":\"https:\/\/ditattoo.com\/#\/schema\/logo\/image\/\",\"url\":\"https:\/\/ditattoo.com\/wp-content\/uploads\/2025\/05\/logo-white-01.png\",\"contentUrl\":\"https:\/\/ditattoo.com\/wp-content\/uploads\/2025\/05\/logo-white-01.png\",\"width\":1578,\"height\":676,\"caption\":\"D\u1ecb Tattoo\"},\"image\":{\"@id\":\"https:\/\/ditattoo.com\/#\/schema\/logo\/image\/\"}}]}<\/script>\n<!-- \/ Yoast SEO plugin. -->","yoast_head_json":{"title":"X\u1ecf khuy\u00ean - D\u1ecb Tattoo","description":"D\u1ecbch V\u1ee5 X\u1ecf Khuy\u00ean T\u1ea1i D\u1ecb Tattoo \u2013 An To\u00e0n, Th\u1ea9m M\u1ef9, C\u00e1 T\u00ednh Kh\u00f4ng \u0111\u01a1n thu\u1ea7n ch\u1ec9 l\u00e0 m\u1ed9t xu h\u01b0\u1edbng l\u00e0m \u0111\u1eb9p d\u1ecbch v\u1ee5 x\u1ecf khuy\u00ean \u0111\u01b0\u1ee3c th","robots":{"index":"index","follow":"follow","max-snippet":"max-snippet:-1","max-image-preview":"max-image-preview:large","max-video-preview":"max-video-preview:-1"},"canonical":"https:\/\/ditattoo.com\/en\/xo-khuyen\/","og_locale":"en_US","og_type":"article","og_title":"X\u1ecf khuy\u00ean - D\u1ecb Tattoo","og_description":"D\u1ecbch V\u1ee5 X\u1ecf Khuy\u00ean T\u1ea1i D\u1ecb Tattoo \u2013 An To\u00e0n, Th\u1ea9m M\u1ef9, C\u00e1 T\u00ednh Kh\u00f4ng \u0111\u01a1n thu\u1ea7n ch\u1ec9 l\u00e0 m\u1ed9t xu h\u01b0\u1edbng l\u00e0m \u0111\u1eb9p d\u1ecbch v\u1ee5 x\u1ecf khuy\u00ean \u0111\u01b0\u1ee3c th","og_url":"https:\/\/ditattoo.com\/en\/xo-khuyen\/","og_site_name":"D\u1ecb Tattoo","article_modified_time":"2025-05-22T03:50:23+00:00","og_image":[{"url":"https:\/\/ditattoo.com\/wp-content\/uploads\/2025\/05\/xo-khuyen-new.jpg","type":"","width":"","height":""}],"twitter_card":"summary_large_image","twitter_misc":{"Est. reading time":"3 minutes"},"schema":{"@context":"https:\/\/schema.org","@graph":[{"@type":"WebPage","@id":"https:\/\/ditattoo.com\/xo-khuyen\/","url":"https:\/\/ditattoo.com\/xo-khuyen\/","name":"X\u1ecf khuy\u00ean - D\u1ecb Tattoo","isPartOf":{"@id":"https:\/\/ditattoo.com\/#website"},"primaryImageOfPage":{"@id":"https:\/\/ditattoo.com\/xo-khuyen\/#primaryimage"},"image":{"@id":"https:\/\/ditattoo.com\/xo-khuyen\/#primaryimage"},"thumbnailUrl":"https:\/\/ditattoo.com\/wp-content\/uploads\/2025\/05\/xo-khuyen-new.jpg","datePublished":"2025-05-13T09:50:34+00:00","dateModified":"2025-05-22T03:50:23+00:00","description":"D\u1ecbch V\u1ee5 X\u1ecf Khuy\u00ean T\u1ea1i D\u1ecb Tattoo \u2013 An To\u00e0n, Th\u1ea9m M\u1ef9, C\u00e1 T\u00ednh Kh\u00f4ng \u0111\u01a1n thu\u1ea7n ch\u1ec9 l\u00e0 m\u1ed9t xu h\u01b0\u1edbng l\u00e0m \u0111\u1eb9p d\u1ecbch v\u1ee5 x\u1ecf khuy\u00ean \u0111\u01b0\u1ee3c th","breadcrumb":{"@id":"https:\/\/ditattoo.com\/xo-khuyen\/#breadcrumb"},"inLanguage":"en-US","potentialAction":[{"@type":"ReadAction","target":["https:\/\/ditattoo.com\/xo-khuyen\/"]}]},{"@type":"ImageObject","inLanguage":"en-US","@id":"https:\/\/ditattoo.com\/xo-khuyen\/#primaryimage","url":"https:\/\/ditattoo.com\/wp-content\/uploads\/2025\/05\/xo-khuyen-new.jpg","contentUrl":"https:\/\/ditattoo.com\/wp-content\/uploads\/2025\/05\/xo-khuyen-new.jpg"},{"@type":"BreadcrumbList","@id":"https:\/\/ditattoo.com\/xo-khuyen\/#breadcrumb","itemListElement":[{"@type":"ListItem","position":1,"name":"Home","item":"https:\/\/ditattoo.com\/cinematic-home\/"},{"@type":"ListItem","position":2,"name":"X\u1ecf khuy\u00ean"}]},{"@type":"WebSite","@id":"https:\/\/ditattoo.com\/#website","url":"https:\/\/ditattoo.com\/","name":"D\u1ecb Tattoo","description":"D\u1ecb Tattoo chu\u1ed7i c\u1eeda h\u00e0ng x\u0103m h\u00ecnh ngh\u1ec7 thu\u1eadt t\u1ea1i Vi\u1ec7t Nam","publisher":{"@id":"https:\/\/ditattoo.com\/#organization"},"potentialAction":[{"@type":"SearchAction","target":{"@type":"EntryPoint","urlTemplate":"https:\/\/ditattoo.com\/?s={search_term_string}"},"query-input":{"@type":"PropertyValueSpecification","valueRequired":true,"valueName":"search_term_string"}}],"inLanguage":"en-US"},{"@type":"Organization","@id":"https:\/\/ditattoo.com\/#organization","name":"D\u1ecb Tattoo","url":"https:\/\/ditattoo.com\/","logo":{"@type":"ImageObject","inLanguage":"en-US","@id":"https:\/\/ditattoo.com\/#\/schema\/logo\/image\/","url":"https:\/\/ditattoo.com\/wp-content\/uploads\/2025\/05\/logo-white-01.png","contentUrl":"https:\/\/ditattoo.com\/wp-content\/uploads\/2025\/05\/logo-white-01.png","width":1578,"height":676,"caption":"D\u1ecb Tattoo"},"image":{"@id":"https:\/\/ditattoo.com\/#\/schema\/logo\/image\/"}}]}},"_links":{"self":[{"href":"https:\/\/ditattoo.com\/en\/wp-json\/wp\/v2\/pages\/118","targetHints":{"allow":["GET"]}}],"collection":[{"href":"https:\/\/ditattoo.com\/en\/wp-json\/wp\/v2\/pages"}],"about":[{"href":"https:\/\/ditattoo.com\/en\/wp-json\/wp\/v2\/types\/page"}],"author":[{"embeddable":true,"href":"https:\/\/ditattoo.com\/en\/wp-json\/wp\/v2\/users\/1"}],"replies":[{"embeddable":true,"href":"https:\/\/ditattoo.com\/en\/wp-json\/wp\/v2\/comments?post=118"}],"version-history":[{"count":4,"href":"https:\/\/ditattoo.com\/en\/wp-json\/wp\/v2\/pages\/118\/revisions"}],"predecessor-version":[{"id":572,"href":"https:\/\/ditattoo.com\/en\/wp-json\/wp\/v2\/pages\/118\/revisions\/572"}],"wp:attachment":[{"href":"https:\/\/ditattoo.com\/en\/wp-json\/wp\/v2\/media?parent=118"}],"curies":[{"name":"wp","href":"https:\/\/api.w.org\/{rel}","templated":true}]}}