{"id":126,"date":"2025-05-13T09:56:23","date_gmt":"2025-05-13T09:56:23","guid":{"rendered":"https:\/\/ditattoo.com\/?page_id=126"},"modified":"2025-06-13T08:58:20","modified_gmt":"2025-06-13T08:58:20","slug":"gioi-thieu","status":"publish","type":"page","link":"https:\/\/ditattoo.com\/en\/gioi-thieu\/","title":{"rendered":"Introduce"},"content":{"rendered":"<h2 class=\"wp-block-heading has-text-align-center has-white-color has-text-color has-link-color wp-elements-3b2e4378b21fb5a9da8fe1898c5070f3\">DI TATTOO - TATTOO SHOP CHAIN<br> TOP IN VIETNAM<\/h2>\n\n\n\n<h2 class=\"wp-block-heading has-white-color has-text-color has-link-color wp-elements-0b2bcd69bd8b000ebb9486b2766cf56d\">About Us:<\/h2>\n\n\n\n<p>Ra \u0111\u1eddi v\u00e0o n\u0103m 2016 t\u1eeb ni\u1ec1m \u0111am m\u00ea ch\u00e1y b\u1ecfng v\u1edbi ngh\u1ec7 thu\u1eadt x\u0103m v\u00e0 kh\u00e1t v\u1ecdng lan t\u1ecfa v\u1ebb \u0111\u1eb9p \u0111\u1ed9c \u0111\u00e1o. D\u1ecb Tattoo nhanh ch\u00f3ng kh\u1eb3ng \u0111\u1ecbnh v\u1ecb tr\u00ed ti\u00ean phong trong c\u1ed9ng \u0111\u1ed3ng X\u0103m h\u00ecnh Vi\u1ec7t Nam. T\u1eeb nh\u1eefng ng\u00e0y \u0111\u1ea7u ti\u00ean khi c\u00f2n l\u00e0 m\u1ed9t c\u1eeda h\u00e0ng nh\u1ecf v\u1edbi nh\u1eefng ngh\u1ec7 s\u0129 tr\u1ebb \u0111\u1ea7y ho\u00e0i b\u00e3o, D\u1ecb Tattoo kh\u00f4ng ng\u1eebng ph\u00e1t tri\u1ec3n v\u00e0 m\u1edf r\u1ed9ng, tr\u1edf th\u00e0nh chu\u1ed7i h\u1ec7 th\u1ed1ng x\u0103m uy t\u00edn v\u1edbi h\u00e0ng ngh\u00ecn t\u00e1c ph\u1ea9m \u0111\u01b0\u1ee3c y\u00eau th\u00edch kh\u1eafp c\u1ea3 n\u01b0\u1edbc. <\/p>\n\n\n\n<p>\u0110i\u1ec3m n\u1ed5i b\u1eadt gi\u00fap D\u1ecb Tattoo kh\u00e1c bi\u1ec7t v\u00e0 lu\u00f4n thu h\u00fat kh\u00e1ch h\u00e0ng ch\u00ednh l\u00e0 s\u1ef1 k\u1ebft h\u1ee3p ho\u00e0n h\u1ea3o gi\u1eefa k\u1ef9 thu\u1eadt \u0111i\u00eau luy\u1ec7n, s\u1ef1 s\u00e1ng t\u1ea1o v\u00f4 t\u1eadn v\u00e0 th\u00e1i \u0111\u1ed9 ph\u1ee5c v\u1ee5 t\u1eadn t\u00e2m, nhi\u1ec7t t\u00ecnh, lu\u00f4n \u0111\u1eb7t kh\u00e1ch h\u00e0ng l\u00e0m trung t\u00e2m. V\u1edbi D\u1ecb Tattoo, m\u1ed7i h\u00ecnh x\u0103m l\u00e0 m\u1ed9t c\u00e2u chuy\u1ec7n ri\u00eang bi\u1ec7t, m\u1ed9t d\u1ea5u \u1ea5n c\u00e1 nh\u00e2n \u0111\u1ed9c \u0111\u00e1o v\u00e0 s\u00e2u s\u1eafc, gi\u00fap kh\u00e1ch h\u00e0ng th\u1ec3 hi\u1ec7n r\u00f5 n\u00e9t c\u00e1i &#8220;t\u00f4i&#8221; m\u1ea1nh m\u1ebd c\u1ee7a m\u00ecnh.<\/p>\n\n\n<div class=\"wp-block-image\">\n<figure class=\"aligncenter size-full is-resized\"><img loading=\"lazy\" decoding=\"async\" width=\"1000\" height=\"824\" src=\"https:\/\/ditattoo.com\/wp-content\/uploads\/2025\/05\/ve-chung-toi.png\" alt=\"\" class=\"wp-image-593\" style=\"width:478px;height:auto\"\/><\/figure><\/div>\n\n\n<h2 class=\"wp-block-heading has-white-color has-text-color has-link-color wp-elements-0e0f3571e1680251ac4c30ab2ff32db0\"><strong>Receive training students<\/strong><\/h2>\n\n\n\n<p>Di Tattoo is proud to be a place to train from basic to advanced, helping students have the opportunity to become professional tattoo artists. Our courses always emphasize practice and creativity, guided by a team of experienced and dedicated instructors.<\/p>\n\n\n\n<h2 class=\"wp-block-heading has-white-color has-text-color has-link-color wp-elements-291d90c649413ef22b1a17510da6ed23\"><strong>Tattoo space and process<\/strong><\/h2>\n\n\n\n<p>Di Tattoo's space is designed to be comfortable and relaxing, helping customers enjoy the best experience. Our tattoo process always ensures absolute safety, using modern, sterile equipment and providing detailed aftercare instructions.<\/p>\n\n\n<div class=\"wp-block-image\">\n<figure class=\"aligncenter size-full is-resized\"><img loading=\"lazy\" decoding=\"async\" width=\"1000\" height=\"824\" src=\"https:\/\/ditattoo.com\/wp-content\/uploads\/2025\/05\/kho\u0302ng-gian-va-qui-trinh-xam.png\" alt=\"\" class=\"wp-image-594\" style=\"width:476px;height:auto\"\/><\/figure><\/div>\n\n\n<h2 class=\"wp-block-heading has-white-color has-text-color has-link-color wp-elements-85695188359007941caa428cbeeceb27\"><strong>Sophistication and value for money<\/strong><\/h2>\n\n\n\n<p>At Di Tattoo, every tattoo is a delicate work of art, carefully done, meticulously in every detail. We are committed to bringing worthy value with superior quality and the most reasonable price, suitable for many customer segments.<\/p>\n\n\n\n<h2 class=\"wp-block-heading has-white-color has-text-color has-link-color wp-elements-f8ba5b65877b18e893563b3c48c46523\"><strong>Professional staff<\/strong><\/h2>\n\n\n\n<p>The greatest strength of Di Tattoo is its team of professional and dedicated artists and staff. Every type of tattoo, from European, Asian, ancient Japanese to Realistic, is performed by highly skilled artists, ensuring that each customer is satisfied with the artwork on their body.<\/p>\n\n\n<div class=\"wp-block-image\">\n<figure class=\"aligncenter size-full is-resized\"><img loading=\"lazy\" decoding=\"async\" width=\"1000\" height=\"824\" src=\"https:\/\/ditattoo.com\/wp-content\/uploads\/2025\/05\/doi-ngu-nhan-vien-chuyen-nghiep.png\" alt=\"\" class=\"wp-image-595\" style=\"width:478px;height:auto\"\/><\/figure><\/div>\n\n\n<p class=\"has-text-align-center\"><em>Let Di Tattoo help you create your own unique work of art!<\/em><\/p>\n\n\n\n\n<div class=\"wp-block-image\">\n<figure class=\"aligncenter size-full\"><img loading=\"lazy\" decoding=\"async\" width=\"1000\" height=\"824\" src=\"https:\/\/ditattoo.com\/wp-content\/uploads\/2025\/05\/tam-nhin-su\u031b-menh.png\" alt=\"\" class=\"wp-image-592\"\/><\/figure><\/div>","protected":false},"excerpt":{"rendered":"<p>D\u1eca TATTOO- CHU\u1ed6I C\u1eecA H\u00c0NG X\u0102M H\u00c0NG \u0110\u1ea6U T\u1ea0I VI\u1ec6T NAM V\u1ec1 Ch\u00fang t\u00f4i: Ra \u0111\u1eddi v\u00e0o n\u0103m 2016 t\u1eeb ni\u1ec1m \u0111am m\u00ea ch\u00e1y b\u1ecfng v\u1edbi ngh\u1ec7 thu\u1eadt x\u0103m v\u00e0 kh\u00e1t v\u1ecdng lan t\u1ecfa v\u1ebb \u0111\u1eb9p \u0111\u1ed9c \u0111\u00e1o. D\u1ecb Tattoo nhanh ch\u00f3ng kh\u1eb3ng \u0111\u1ecbnh v\u1ecb tr\u00ed ti\u00ean phong trong c\u1ed9ng \u0111\u1ed3ng X\u0103m h\u00ecnh Vi\u1ec7t Nam. [&hellip;]<\/p>","protected":false},"author":1,"featured_media":606,"parent":0,"menu_order":0,"comment_status":"closed","ping_status":"closed","template":"page-template\/about.php","meta":{"footnotes":""},"class_list":["post-126","page","type-page","status-publish","has-post-thumbnail","hentry"],"yoast_head":"<!-- This site is optimized with the Yoast SEO plugin v24.9 - https:\/\/yoast.com\/wordpress\/plugins\/seo\/ -->\n<title>Gi\u1edbi thi\u1ec7u - D\u1ecb Tattoo<\/title>\n<meta name=\"description\" content=\"D\u1ecb Tattoo kh\u00f4ng ch\u1ec9 l\u00e0 ti\u1ec7m x\u0103m, m\u00e0 l\u00e0 n\u01a1i kh\u01a1i ngu\u1ed3n c\u1ea3m h\u1ee9ng v\u00e0 t\u00f4n vinh c\u00e1 t\u00ednh b\u1eb1ng ng\u00f4n ng\u1eef c\u1ee7a ngh\u1ec7 thu\u1eadt c\u01a1 th\u1ec3. Xem th\u00eam...&gt;&gt;&gt;\" \/>\n<meta name=\"robots\" content=\"index, follow, max-snippet:-1, max-image-preview:large, max-video-preview:-1\" \/>\n<link rel=\"canonical\" href=\"https:\/\/ditattoo.com\/en\/gioi-thieu\/\" \/>\n<meta property=\"og:locale\" content=\"en_US\" \/>\n<meta property=\"og:type\" content=\"article\" \/>\n<meta property=\"og:title\" content=\"Gi\u1edbi thi\u1ec7u - D\u1ecb Tattoo\" \/>\n<meta property=\"og:description\" content=\"D\u1ecb Tattoo kh\u00f4ng ch\u1ec9 l\u00e0 ti\u1ec7m x\u0103m, m\u00e0 l\u00e0 n\u01a1i kh\u01a1i ngu\u1ed3n c\u1ea3m h\u1ee9ng v\u00e0 t\u00f4n vinh c\u00e1 t\u00ednh b\u1eb1ng ng\u00f4n ng\u1eef c\u1ee7a ngh\u1ec7 thu\u1eadt c\u01a1 th\u1ec3. Xem th\u00eam...&gt;&gt;&gt;\" \/>\n<meta property=\"og:url\" content=\"https:\/\/ditattoo.com\/en\/gioi-thieu\/\" \/>\n<meta property=\"og:site_name\" content=\"D\u1ecb Tattoo\" \/>\n<meta property=\"article:modified_time\" content=\"2025-06-13T08:58:20+00:00\" \/>\n<meta property=\"og:image\" content=\"https:\/\/ditattoo.com\/wp-content\/uploads\/2025\/05\/G.THIEU_.jpg\" \/>\n\t<meta property=\"og:image:width\" content=\"2543\" \/>\n\t<meta property=\"og:image:height\" content=\"875\" \/>\n\t<meta property=\"og:image:type\" content=\"image\/jpeg\" \/>\n<meta name=\"twitter:card\" content=\"summary_large_image\" \/>\n<meta name=\"twitter:label1\" content=\"Est. reading time\" \/>\n\t<meta name=\"twitter:data1\" content=\"4 minutes\" \/>\n<script type=\"application\/ld+json\" class=\"yoast-schema-graph\">{\"@context\":\"https:\/\/schema.org\",\"@graph\":[{\"@type\":\"WebPage\",\"@id\":\"https:\/\/ditattoo.com\/gioi-thieu\/\",\"url\":\"https:\/\/ditattoo.com\/gioi-thieu\/\",\"name\":\"Gi\u1edbi thi\u1ec7u - D\u1ecb Tattoo\",\"isPartOf\":{\"@id\":\"https:\/\/ditattoo.com\/#website\"},\"primaryImageOfPage\":{\"@id\":\"https:\/\/ditattoo.com\/gioi-thieu\/#primaryimage\"},\"image\":{\"@id\":\"https:\/\/ditattoo.com\/gioi-thieu\/#primaryimage\"},\"thumbnailUrl\":\"https:\/\/ditattoo.com\/wp-content\/uploads\/2025\/05\/G.THIEU_.jpg\",\"datePublished\":\"2025-05-13T09:56:23+00:00\",\"dateModified\":\"2025-06-13T08:58:20+00:00\",\"description\":\"D\u1ecb Tattoo kh\u00f4ng ch\u1ec9 l\u00e0 ti\u1ec7m x\u0103m, m\u00e0 l\u00e0 n\u01a1i kh\u01a1i ngu\u1ed3n c\u1ea3m h\u1ee9ng v\u00e0 t\u00f4n vinh c\u00e1 t\u00ednh b\u1eb1ng ng\u00f4n ng\u1eef c\u1ee7a ngh\u1ec7 thu\u1eadt c\u01a1 th\u1ec3. Xem th\u00eam...>>>\",\"breadcrumb\":{\"@id\":\"https:\/\/ditattoo.com\/gioi-thieu\/#breadcrumb\"},\"inLanguage\":\"en-US\",\"potentialAction\":[{\"@type\":\"ReadAction\",\"target\":[\"https:\/\/ditattoo.com\/gioi-thieu\/\"]}]},{\"@type\":\"ImageObject\",\"inLanguage\":\"en-US\",\"@id\":\"https:\/\/ditattoo.com\/gioi-thieu\/#primaryimage\",\"url\":\"https:\/\/ditattoo.com\/wp-content\/uploads\/2025\/05\/G.THIEU_.jpg\",\"contentUrl\":\"https:\/\/ditattoo.com\/wp-content\/uploads\/2025\/05\/G.THIEU_.jpg\",\"width\":2543,\"height\":875},{\"@type\":\"BreadcrumbList\",\"@id\":\"https:\/\/ditattoo.com\/gioi-thieu\/#breadcrumb\",\"itemListElement\":[{\"@type\":\"ListItem\",\"position\":1,\"name\":\"Home\",\"item\":\"https:\/\/ditattoo.com\/cinematic-home\/\"},{\"@type\":\"ListItem\",\"position\":2,\"name\":\"Gi\u1edbi thi\u1ec7u\"}]},{\"@type\":\"WebSite\",\"@id\":\"https:\/\/ditattoo.com\/#website\",\"url\":\"https:\/\/ditattoo.com\/\",\"name\":\"D\u1ecb Tattoo\",\"description\":\"D\u1ecb Tattoo chu\u1ed7i c\u1eeda h\u00e0ng x\u0103m h\u00ecnh ngh\u1ec7 thu\u1eadt t\u1ea1i Vi\u1ec7t Nam\",\"publisher\":{\"@id\":\"https:\/\/ditattoo.com\/#organization\"},\"potentialAction\":[{\"@type\":\"SearchAction\",\"target\":{\"@type\":\"EntryPoint\",\"urlTemplate\":\"https:\/\/ditattoo.com\/?s={search_term_string}\"},\"query-input\":{\"@type\":\"PropertyValueSpecification\",\"valueRequired\":true,\"valueName\":\"search_term_string\"}}],\"inLanguage\":\"en-US\"},{\"@type\":\"Organization\",\"@id\":\"https:\/\/ditattoo.com\/#organization\",\"name\":\"D\u1ecb Tattoo\",\"url\":\"https:\/\/ditattoo.com\/\",\"logo\":{\"@type\":\"ImageObject\",\"inLanguage\":\"en-US\",\"@id\":\"https:\/\/ditattoo.com\/#\/schema\/logo\/image\/\",\"url\":\"https:\/\/ditattoo.com\/wp-content\/uploads\/2025\/05\/logo-white-01.png\",\"contentUrl\":\"https:\/\/ditattoo.com\/wp-content\/uploads\/2025\/05\/logo-white-01.png\",\"width\":1578,\"height\":676,\"caption\":\"D\u1ecb Tattoo\"},\"image\":{\"@id\":\"https:\/\/ditattoo.com\/#\/schema\/logo\/image\/\"}}]}<\/script>\n<!-- \/ Yoast SEO plugin. -->","yoast_head_json":{"title":"Gi\u1edbi thi\u1ec7u - D\u1ecb Tattoo","description":"D\u1ecb Tattoo kh\u00f4ng ch\u1ec9 l\u00e0 ti\u1ec7m x\u0103m, m\u00e0 l\u00e0 n\u01a1i kh\u01a1i ngu\u1ed3n c\u1ea3m h\u1ee9ng v\u00e0 t\u00f4n vinh c\u00e1 t\u00ednh b\u1eb1ng ng\u00f4n ng\u1eef c\u1ee7a ngh\u1ec7 thu\u1eadt c\u01a1 th\u1ec3. Xem th\u00eam...>>>","robots":{"index":"index","follow":"follow","max-snippet":"max-snippet:-1","max-image-preview":"max-image-preview:large","max-video-preview":"max-video-preview:-1"},"canonical":"https:\/\/ditattoo.com\/en\/gioi-thieu\/","og_locale":"en_US","og_type":"article","og_title":"Gi\u1edbi thi\u1ec7u - D\u1ecb Tattoo","og_description":"D\u1ecb Tattoo kh\u00f4ng ch\u1ec9 l\u00e0 ti\u1ec7m x\u0103m, m\u00e0 l\u00e0 n\u01a1i kh\u01a1i ngu\u1ed3n c\u1ea3m h\u1ee9ng v\u00e0 t\u00f4n vinh c\u00e1 t\u00ednh b\u1eb1ng ng\u00f4n ng\u1eef c\u1ee7a ngh\u1ec7 thu\u1eadt c\u01a1 th\u1ec3. Xem th\u00eam...>>>","og_url":"https:\/\/ditattoo.com\/en\/gioi-thieu\/","og_site_name":"D\u1ecb Tattoo","article_modified_time":"2025-06-13T08:58:20+00:00","og_image":[{"width":2543,"height":875,"url":"https:\/\/ditattoo.com\/wp-content\/uploads\/2025\/05\/G.THIEU_.jpg","type":"image\/jpeg"}],"twitter_card":"summary_large_image","twitter_misc":{"Est. reading time":"4 minutes"},"schema":{"@context":"https:\/\/schema.org","@graph":[{"@type":"WebPage","@id":"https:\/\/ditattoo.com\/gioi-thieu\/","url":"https:\/\/ditattoo.com\/gioi-thieu\/","name":"Gi\u1edbi thi\u1ec7u - D\u1ecb Tattoo","isPartOf":{"@id":"https:\/\/ditattoo.com\/#website"},"primaryImageOfPage":{"@id":"https:\/\/ditattoo.com\/gioi-thieu\/#primaryimage"},"image":{"@id":"https:\/\/ditattoo.com\/gioi-thieu\/#primaryimage"},"thumbnailUrl":"https:\/\/ditattoo.com\/wp-content\/uploads\/2025\/05\/G.THIEU_.jpg","datePublished":"2025-05-13T09:56:23+00:00","dateModified":"2025-06-13T08:58:20+00:00","description":"D\u1ecb Tattoo kh\u00f4ng ch\u1ec9 l\u00e0 ti\u1ec7m x\u0103m, m\u00e0 l\u00e0 n\u01a1i kh\u01a1i ngu\u1ed3n c\u1ea3m h\u1ee9ng v\u00e0 t\u00f4n vinh c\u00e1 t\u00ednh b\u1eb1ng ng\u00f4n ng\u1eef c\u1ee7a ngh\u1ec7 thu\u1eadt c\u01a1 th\u1ec3. Xem th\u00eam...>>>","breadcrumb":{"@id":"https:\/\/ditattoo.com\/gioi-thieu\/#breadcrumb"},"inLanguage":"en-US","potentialAction":[{"@type":"ReadAction","target":["https:\/\/ditattoo.com\/gioi-thieu\/"]}]},{"@type":"ImageObject","inLanguage":"en-US","@id":"https:\/\/ditattoo.com\/gioi-thieu\/#primaryimage","url":"https:\/\/ditattoo.com\/wp-content\/uploads\/2025\/05\/G.THIEU_.jpg","contentUrl":"https:\/\/ditattoo.com\/wp-content\/uploads\/2025\/05\/G.THIEU_.jpg","width":2543,"height":875},{"@type":"BreadcrumbList","@id":"https:\/\/ditattoo.com\/gioi-thieu\/#breadcrumb","itemListElement":[{"@type":"ListItem","position":1,"name":"Home","item":"https:\/\/ditattoo.com\/cinematic-home\/"},{"@type":"ListItem","position":2,"name":"Gi\u1edbi thi\u1ec7u"}]},{"@type":"WebSite","@id":"https:\/\/ditattoo.com\/#website","url":"https:\/\/ditattoo.com\/","name":"D\u1ecb Tattoo","description":"D\u1ecb Tattoo chu\u1ed7i c\u1eeda h\u00e0ng x\u0103m h\u00ecnh ngh\u1ec7 thu\u1eadt t\u1ea1i Vi\u1ec7t Nam","publisher":{"@id":"https:\/\/ditattoo.com\/#organization"},"potentialAction":[{"@type":"SearchAction","target":{"@type":"EntryPoint","urlTemplate":"https:\/\/ditattoo.com\/?s={search_term_string}"},"query-input":{"@type":"PropertyValueSpecification","valueRequired":true,"valueName":"search_term_string"}}],"inLanguage":"en-US"},{"@type":"Organization","@id":"https:\/\/ditattoo.com\/#organization","name":"D\u1ecb Tattoo","url":"https:\/\/ditattoo.com\/","logo":{"@type":"ImageObject","inLanguage":"en-US","@id":"https:\/\/ditattoo.com\/#\/schema\/logo\/image\/","url":"https:\/\/ditattoo.com\/wp-content\/uploads\/2025\/05\/logo-white-01.png","contentUrl":"https:\/\/ditattoo.com\/wp-content\/uploads\/2025\/05\/logo-white-01.png","width":1578,"height":676,"caption":"D\u1ecb Tattoo"},"image":{"@id":"https:\/\/ditattoo.com\/#\/schema\/logo\/image\/"}}]}},"_links":{"self":[{"href":"https:\/\/ditattoo.com\/en\/wp-json\/wp\/v2\/pages\/126","targetHints":{"allow":["GET"]}}],"collection":[{"href":"https:\/\/ditattoo.com\/en\/wp-json\/wp\/v2\/pages"}],"about":[{"href":"https:\/\/ditattoo.com\/en\/wp-json\/wp\/v2\/types\/page"}],"author":[{"embeddable":true,"href":"https:\/\/ditattoo.com\/en\/wp-json\/wp\/v2\/users\/1"}],"replies":[{"embeddable":true,"href":"https:\/\/ditattoo.com\/en\/wp-json\/wp\/v2\/comments?post=126"}],"version-history":[{"count":44,"href":"https:\/\/ditattoo.com\/en\/wp-json\/wp\/v2\/pages\/126\/revisions"}],"predecessor-version":[{"id":814,"href":"https:\/\/ditattoo.com\/en\/wp-json\/wp\/v2\/pages\/126\/revisions\/814"}],"wp:featuredmedia":[{"embeddable":true,"href":"https:\/\/ditattoo.com\/en\/wp-json\/wp\/v2\/media\/606"}],"wp:attachment":[{"href":"https:\/\/ditattoo.com\/en\/wp-json\/wp\/v2\/media?parent=126"}],"curies":[{"name":"wp","href":"https:\/\/api.w.org\/{rel}","templated":true}]}}