{"id":145,"date":"2025-05-13T10:55:33","date_gmt":"2025-05-13T10:55:33","guid":{"rendered":"https:\/\/ditattoo.com\/?page_id=145"},"modified":"2025-06-14T02:24:29","modified_gmt":"2025-06-14T02:24:29","slug":"thu-vien","status":"publish","type":"page","link":"https:\/\/ditattoo.com\/en\/thu-vien\/","title":{"rendered":"Library"},"content":{"rendered":"<p>We update our library regularly for your easy reference. If you are looking for a tattoo to express your personality, preserve memories or mark a turning point in your life - start by exploring the inspirational tattoo gallery at Di Tattoo.<\/p>\n\n\n\n<p><\/p>","protected":false},"excerpt":{"rendered":"<p>We update our library regularly for your easy reference. If you are looking for a tattoo to express your personality, preserve memories or mark a turning point in your life - start by exploring the inspirational tattoo gallery at Di Tattoo.<\/p>","protected":false},"author":1,"featured_media":0,"parent":0,"menu_order":0,"comment_status":"closed","ping_status":"closed","template":"page-template\/media.php","meta":{"footnotes":""},"class_list":["post-145","page","type-page","status-publish","hentry"],"yoast_head":"<!-- This site is optimized with the Yoast SEO plugin v24.9 - https:\/\/yoast.com\/wordpress\/plugins\/seo\/ -->\n<title>Th\u01b0 Vi\u1ec7n - D\u1ecb Tattoo<\/title>\n<meta name=\"robots\" content=\"index, follow, max-snippet:-1, max-image-preview:large, max-video-preview:-1\" \/>\n<link rel=\"canonical\" href=\"https:\/\/ditattoo.com\/en\/thu-vien\/\" \/>\n<meta property=\"og:locale\" content=\"en_US\" \/>\n<meta property=\"og:type\" content=\"article\" \/>\n<meta property=\"og:title\" content=\"Th\u01b0 Vi\u1ec7n - D\u1ecb Tattoo\" \/>\n<meta property=\"og:description\" content=\"Ch\u00fang t\u00f4i c\u1eadp nh\u1eadt th\u01b0 vi\u1ec7n li\u00ean t\u1ee5c \u0111\u1ec3 b\u1ea1n d\u1ec5 d\u00e0ng tham kh\u1ea3o. N\u1ebfu b\u1ea1n \u0111ang t\u00ecm m\u1ed9t h\u00ecnh x\u0103m \u0111\u1ec3 th\u1ec3 hi\u1ec7n c\u00e1 t\u00ednh, l\u01b0u gi\u1eef k\u1ef7 ni\u1ec7m hay \u0111\u00e1nh d\u1ea5u b\u01b0\u1edbc ngo\u1eb7t cu\u1ed9c \u0111\u1eddi \u2013 h\u00e3y b\u1eaft \u0111\u1ea7u b\u1eb1ng vi\u1ec7c kh\u00e1m ph\u00e1 kho h\u00ecnh x\u0103m \u0111\u1ea7y c\u1ea3m h\u1ee9ng t\u1ea1i D\u1ecb Tattoo.\" \/>\n<meta property=\"og:url\" content=\"https:\/\/ditattoo.com\/en\/thu-vien\/\" \/>\n<meta property=\"og:site_name\" content=\"D\u1ecb Tattoo\" \/>\n<meta property=\"article:modified_time\" content=\"2025-06-14T02:24:29+00:00\" \/>\n<meta name=\"twitter:card\" content=\"summary_large_image\" \/>\n<meta name=\"twitter:label1\" content=\"Est. reading time\" \/>\n\t<meta name=\"twitter:data1\" content=\"1 minute\" \/>\n<script type=\"application\/ld+json\" class=\"yoast-schema-graph\">{\"@context\":\"https:\/\/schema.org\",\"@graph\":[{\"@type\":\"WebPage\",\"@id\":\"https:\/\/ditattoo.com\/thu-vien\/\",\"url\":\"https:\/\/ditattoo.com\/thu-vien\/\",\"name\":\"Th\u01b0 Vi\u1ec7n - D\u1ecb Tattoo\",\"isPartOf\":{\"@id\":\"https:\/\/ditattoo.com\/#website\"},\"datePublished\":\"2025-05-13T10:55:33+00:00\",\"dateModified\":\"2025-06-14T02:24:29+00:00\",\"breadcrumb\":{\"@id\":\"https:\/\/ditattoo.com\/thu-vien\/#breadcrumb\"},\"inLanguage\":\"en-US\",\"potentialAction\":[{\"@type\":\"ReadAction\",\"target\":[\"https:\/\/ditattoo.com\/thu-vien\/\"]}]},{\"@type\":\"BreadcrumbList\",\"@id\":\"https:\/\/ditattoo.com\/thu-vien\/#breadcrumb\",\"itemListElement\":[{\"@type\":\"ListItem\",\"position\":1,\"name\":\"Home\",\"item\":\"https:\/\/ditattoo.com\/cinematic-home\/\"},{\"@type\":\"ListItem\",\"position\":2,\"name\":\"Th\u01b0 Vi\u1ec7n\"}]},{\"@type\":\"WebSite\",\"@id\":\"https:\/\/ditattoo.com\/#website\",\"url\":\"https:\/\/ditattoo.com\/\",\"name\":\"D\u1ecb Tattoo\",\"description\":\"D\u1ecb Tattoo chu\u1ed7i c\u1eeda h\u00e0ng x\u0103m h\u00ecnh ngh\u1ec7 thu\u1eadt t\u1ea1i Vi\u1ec7t Nam\",\"publisher\":{\"@id\":\"https:\/\/ditattoo.com\/#organization\"},\"potentialAction\":[{\"@type\":\"SearchAction\",\"target\":{\"@type\":\"EntryPoint\",\"urlTemplate\":\"https:\/\/ditattoo.com\/?s={search_term_string}\"},\"query-input\":{\"@type\":\"PropertyValueSpecification\",\"valueRequired\":true,\"valueName\":\"search_term_string\"}}],\"inLanguage\":\"en-US\"},{\"@type\":\"Organization\",\"@id\":\"https:\/\/ditattoo.com\/#organization\",\"name\":\"D\u1ecb Tattoo\",\"url\":\"https:\/\/ditattoo.com\/\",\"logo\":{\"@type\":\"ImageObject\",\"inLanguage\":\"en-US\",\"@id\":\"https:\/\/ditattoo.com\/#\/schema\/logo\/image\/\",\"url\":\"https:\/\/ditattoo.com\/wp-content\/uploads\/2025\/05\/logo-white-01.png\",\"contentUrl\":\"https:\/\/ditattoo.com\/wp-content\/uploads\/2025\/05\/logo-white-01.png\",\"width\":1578,\"height\":676,\"caption\":\"D\u1ecb Tattoo\"},\"image\":{\"@id\":\"https:\/\/ditattoo.com\/#\/schema\/logo\/image\/\"}}]}<\/script>\n<!-- \/ Yoast SEO plugin. -->","yoast_head_json":{"title":"Th\u01b0 Vi\u1ec7n - D\u1ecb Tattoo","robots":{"index":"index","follow":"follow","max-snippet":"max-snippet:-1","max-image-preview":"max-image-preview:large","max-video-preview":"max-video-preview:-1"},"canonical":"https:\/\/ditattoo.com\/en\/thu-vien\/","og_locale":"en_US","og_type":"article","og_title":"Th\u01b0 Vi\u1ec7n - D\u1ecb Tattoo","og_description":"Ch\u00fang t\u00f4i c\u1eadp nh\u1eadt th\u01b0 vi\u1ec7n li\u00ean t\u1ee5c \u0111\u1ec3 b\u1ea1n d\u1ec5 d\u00e0ng tham kh\u1ea3o. N\u1ebfu b\u1ea1n \u0111ang t\u00ecm m\u1ed9t h\u00ecnh x\u0103m \u0111\u1ec3 th\u1ec3 hi\u1ec7n c\u00e1 t\u00ednh, l\u01b0u gi\u1eef k\u1ef7 ni\u1ec7m hay \u0111\u00e1nh d\u1ea5u b\u01b0\u1edbc ngo\u1eb7t cu\u1ed9c \u0111\u1eddi \u2013 h\u00e3y b\u1eaft \u0111\u1ea7u b\u1eb1ng vi\u1ec7c kh\u00e1m ph\u00e1 kho h\u00ecnh x\u0103m \u0111\u1ea7y c\u1ea3m h\u1ee9ng t\u1ea1i D\u1ecb Tattoo.","og_url":"https:\/\/ditattoo.com\/en\/thu-vien\/","og_site_name":"D\u1ecb Tattoo","article_modified_time":"2025-06-14T02:24:29+00:00","twitter_card":"summary_large_image","twitter_misc":{"Est. reading time":"1 minute"},"schema":{"@context":"https:\/\/schema.org","@graph":[{"@type":"WebPage","@id":"https:\/\/ditattoo.com\/thu-vien\/","url":"https:\/\/ditattoo.com\/thu-vien\/","name":"Th\u01b0 Vi\u1ec7n - D\u1ecb Tattoo","isPartOf":{"@id":"https:\/\/ditattoo.com\/#website"},"datePublished":"2025-05-13T10:55:33+00:00","dateModified":"2025-06-14T02:24:29+00:00","breadcrumb":{"@id":"https:\/\/ditattoo.com\/thu-vien\/#breadcrumb"},"inLanguage":"en-US","potentialAction":[{"@type":"ReadAction","target":["https:\/\/ditattoo.com\/thu-vien\/"]}]},{"@type":"BreadcrumbList","@id":"https:\/\/ditattoo.com\/thu-vien\/#breadcrumb","itemListElement":[{"@type":"ListItem","position":1,"name":"Home","item":"https:\/\/ditattoo.com\/cinematic-home\/"},{"@type":"ListItem","position":2,"name":"Th\u01b0 Vi\u1ec7n"}]},{"@type":"WebSite","@id":"https:\/\/ditattoo.com\/#website","url":"https:\/\/ditattoo.com\/","name":"D\u1ecb Tattoo","description":"D\u1ecb Tattoo chu\u1ed7i c\u1eeda h\u00e0ng x\u0103m h\u00ecnh ngh\u1ec7 thu\u1eadt t\u1ea1i Vi\u1ec7t Nam","publisher":{"@id":"https:\/\/ditattoo.com\/#organization"},"potentialAction":[{"@type":"SearchAction","target":{"@type":"EntryPoint","urlTemplate":"https:\/\/ditattoo.com\/?s={search_term_string}"},"query-input":{"@type":"PropertyValueSpecification","valueRequired":true,"valueName":"search_term_string"}}],"inLanguage":"en-US"},{"@type":"Organization","@id":"https:\/\/ditattoo.com\/#organization","name":"D\u1ecb Tattoo","url":"https:\/\/ditattoo.com\/","logo":{"@type":"ImageObject","inLanguage":"en-US","@id":"https:\/\/ditattoo.com\/#\/schema\/logo\/image\/","url":"https:\/\/ditattoo.com\/wp-content\/uploads\/2025\/05\/logo-white-01.png","contentUrl":"https:\/\/ditattoo.com\/wp-content\/uploads\/2025\/05\/logo-white-01.png","width":1578,"height":676,"caption":"D\u1ecb Tattoo"},"image":{"@id":"https:\/\/ditattoo.com\/#\/schema\/logo\/image\/"}}]}},"_links":{"self":[{"href":"https:\/\/ditattoo.com\/en\/wp-json\/wp\/v2\/pages\/145","targetHints":{"allow":["GET"]}}],"collection":[{"href":"https:\/\/ditattoo.com\/en\/wp-json\/wp\/v2\/pages"}],"about":[{"href":"https:\/\/ditattoo.com\/en\/wp-json\/wp\/v2\/types\/page"}],"author":[{"embeddable":true,"href":"https:\/\/ditattoo.com\/en\/wp-json\/wp\/v2\/users\/1"}],"replies":[{"embeddable":true,"href":"https:\/\/ditattoo.com\/en\/wp-json\/wp\/v2\/comments?post=145"}],"version-history":[{"count":8,"href":"https:\/\/ditattoo.com\/en\/wp-json\/wp\/v2\/pages\/145\/revisions"}],"predecessor-version":[{"id":336,"href":"https:\/\/ditattoo.com\/en\/wp-json\/wp\/v2\/pages\/145\/revisions\/336"}],"wp:attachment":[{"href":"https:\/\/ditattoo.com\/en\/wp-json\/wp\/v2\/media?parent=145"}],"curies":[{"name":"wp","href":"https:\/\/api.w.org\/{rel}","templated":true}]}}