{"id":165,"date":"2025-05-14T04:10:32","date_gmt":"2025-05-14T04:10:32","guid":{"rendered":"https:\/\/ditattoo.com\/?page_id=165"},"modified":"2025-05-26T02:47:45","modified_gmt":"2025-05-26T02:47:45","slug":"nhuong-quyen","status":"publish","type":"page","link":"https:\/\/ditattoo.com\/en\/nhuong-quyen\/","title":{"rendered":"Franchise"},"content":{"rendered":"<h4 class=\"wp-block-heading\">Th\u01b0\u01a1ng Hi\u1ec7u D\u1ecb Tattoo \u2013 C\u01a1 H\u1ed9i Kinh Doanh V\u1eefng Ch\u1eafc T\u1eeb M\u1ed9t Th\u01b0\u01a1ng Hi\u1ec7u \u0110\u00e3 Kh\u1eb3ng \u0110\u1ecbnh<\/h4>\n\n\n\n<p>T\u1eeb n\u0103m 2016 \u0111\u1ebfn nay, <strong>Di Tattoo<\/strong> \u0111\u00e3 ph\u00e1t tri\u1ec3n th\u00e0nh chu\u1ed7i h\u1ec7 th\u1ed1ng x\u0103m h\u00ecnh ngh\u1ec7 thu\u1eadt chuy\u00ean nghi\u1ec7p v\u1edbi nhi\u1ec1u c\u01a1 s\u1edf tr\u00ean to\u00e0n qu\u1ed1c. V\u1edbi uy t\u00edn \u0111\u01b0\u1ee3c x\u00e2y d\u1ef1ng t\u1eeb ch\u1ea5t l\u01b0\u1ee3ng d\u1ecbch v\u1ee5, \u0111\u1ed9i ng\u0169 ngh\u1ec7 s\u0129 \u0111\u1eb3ng c\u1ea5p v\u00e0 h\u00e0ng ng\u00e0n t\u00e1c ph\u1ea9m ngh\u1ec7 thu\u1eadt th\u00e0nh c\u00f4ng, D\u1ecb Tattoo kh\u00f4ng ch\u1ec9 l\u00e0 m\u1ed9t \u0111i\u1ec3m \u0111\u1ebfn c\u1ee7a t\u00edn \u0111\u1ed3 x\u0103m h\u00ecnh m\u00e0 c\u00f2n l\u00e0 m\u1ed9t <strong>m\u00f4 h\u00ecnh kinh doanh b\u1ec1n v\u1eefng<\/strong>, \u0111\u1ea7y ti\u1ec1m n\u0103ng cho nh\u1eefng ai mu\u1ed1n \u0111\u1ea7u t\u01b0 v\u00e0o l\u0129nh v\u1ef1c n\u00e0y.<\/p>\n\n\n\n<p>Ch\u01b0\u01a1ng tr\u00ecnh <strong>nh\u01b0\u1ee3ng quy\u1ec1n th\u01b0\u01a1ng hi\u1ec7u D\u1ecb Tattoo<\/strong> \u0111\u01b0\u1ee3c thi\u1ebft k\u1ebf d\u00e0nh ri\u00eang cho c\u00e1c c\u00e1 nh\u00e2n ho\u1eb7c \u0111\u01a1n v\u1ecb y\u00eau th\u00edch ngh\u1ec7 thu\u1eadt x\u0103m, mong mu\u1ed1n s\u1edf h\u1eefu m\u1ed9t ti\u1ec7m x\u0103m chuy\u00ean nghi\u1ec7p nh\u01b0ng kh\u00f4ng c\u1ea7n b\u1eaft \u0111\u1ea7u t\u1eeb con s\u1ed1 0. Ch\u00fang t\u00f4i cung c\u1ea5p <strong>h\u1ed7 tr\u1ee3 to\u00e0n di\u1ec7n<\/strong>: t\u1eeb \u0111\u00e0o t\u1ea1o \u0111\u1ed9i ng\u0169, chuy\u1ec3n giao quy tr\u00ecnh v\u1eadn h\u00e0nh \u2013 marketing \u2013 ch\u0103m s\u00f3c kh\u00e1ch h\u00e0ng, cho \u0111\u1ebfn t\u01b0 v\u1ea5n chi\u1ebfn l\u01b0\u1ee3c t\u0103ng tr\u01b0\u1edfng d\u00e0i h\u1ea1n.<\/p>\n\n\n\n<p>\u0110\u1eb7c bi\u1ec7t, \u0111\u1ed1i t\u00e1c nh\u01b0\u1ee3ng quy\u1ec1n s\u1ebd \u0111\u01b0\u1ee3c s\u1eed d\u1ee5ng tr\u1ecdn b\u1ed9 <strong>th\u01b0\u01a1ng hi\u1ec7u, h\u00ecnh \u1ea3nh, h\u1ec7 th\u1ed1ng nh\u1eadn di\u1ec7n v\u00e0 n\u1ec1n t\u1ea3ng truy\u1ec1n th\u00f4ng m\u1ea1nh m\u1ebd<\/strong> \u0111\u00e3 c\u00f3 s\u1eb5n c\u1ee7a D\u1ecb Tattoo \u2013 gi\u00fap ti\u1ebft ki\u1ec7m th\u1eddi gian, chi ph\u00ed x\u00e2y d\u1ef1ng th\u01b0\u01a1ng hi\u1ec7u t\u1eeb \u0111\u1ea7u.<\/p>\n\n\n\n<p>V\u1edbi m\u1ee5c ti\u00eau lan t\u1ecfa ngh\u1ec7 thu\u1eadt x\u0103m h\u00ecnh ch\u1ea5t l\u01b0\u1ee3ng v\u00e0 t\u1ea1o n\u00ean c\u1ed9ng \u0111\u1ed3ng kinh doanh c\u00f9ng ph\u00e1t tri\u1ec3n, D\u1ecb Tattoo mong mu\u1ed1n \u0111\u1ed3ng h\u00e0nh c\u00f9ng c\u00e1c \u0111\u1ed1i t\u00e1c \u0111am m\u00ea v\u00e0 c\u00f3 c\u00f9ng t\u1ea7m nh\u00ecn.<\/p>\n\n\n\n<p><strong>Gia nh\u1eadp h\u1ec7 th\u1ed1ng D\u1ecb Tattoo h\u00f4m nay \u2013 m\u1edf ra c\u00e1nh c\u1eeda \u0111\u1ea7u t\u01b0 hi\u1ec7u qu\u1ea3 v\u00e0 kh\u00e1c bi\u1ec7t!<\/strong><\/p>\n\n\n\n<figure class=\"wp-block-image size-full\"><img loading=\"lazy\" decoding=\"async\" width=\"1000\" height=\"824\" src=\"https:\/\/ditattoo.com\/wp-content\/uploads\/2025\/05\/ve-chung-toi.png\" alt=\"\" class=\"wp-image-593\"\/><\/figure>\n\n\n\n<p><br>\ud83d\udc49 <em>Li\u00ean h\u1ec7 ngay v\u1edbi ch\u00fang t\u00f4i \u0111\u1ec3 nh\u1eadn th\u00f4ng tin chi ti\u1ebft v\u1ec1 ch\u00ednh s\u00e1ch nh\u01b0\u1ee3ng quy\u1ec1n, chi ph\u00ed v\u00e0 l\u1ed9 tr\u00ecnh h\u1ee3p t\u00e1c.<\/em><\/p>\n\n\n\n<hr class=\"wp-block-separator has-alpha-channel-opacity\"\/>","protected":false},"excerpt":{"rendered":"<p>Th\u01b0\u01a1ng Hi\u1ec7u D\u1ecb Tattoo \u2013 C\u01a1 H\u1ed9i Kinh Doanh V\u1eefng Ch\u1eafc T\u1eeb M\u1ed9t Th\u01b0\u01a1ng Hi\u1ec7u \u0110\u00e3 Kh\u1eb3ng \u0110\u1ecbnh T\u1eeb n\u0103m 2016 \u0111\u1ebfn nay, D\u1ecb Tattoo \u0111\u00e3 ph\u00e1t tri\u1ec3n th\u00e0nh chu\u1ed7i h\u1ec7 th\u1ed1ng x\u0103m h\u00ecnh ngh\u1ec7 thu\u1eadt chuy\u00ean nghi\u1ec7p v\u1edbi nhi\u1ec1u c\u01a1 s\u1edf tr\u00ean to\u00e0n qu\u1ed1c. V\u1edbi uy t\u00edn \u0111\u01b0\u1ee3c x\u00e2y d\u1ef1ng t\u1eeb ch\u1ea5t l\u01b0\u1ee3ng d\u1ecbch [&hellip;]<\/p>","protected":false},"author":1,"featured_media":0,"parent":0,"menu_order":0,"comment_status":"closed","ping_status":"closed","template":"page-template\/nhuong-quyen.php","meta":{"footnotes":""},"class_list":["post-165","page","type-page","status-publish","hentry"],"yoast_head":"<!-- This site is optimized with the Yoast SEO plugin v24.9 - https:\/\/yoast.com\/wordpress\/plugins\/seo\/ -->\n<title>Nh\u01b0\u1ee3ng quy\u1ec1n - D\u1ecb Tattoo<\/title>\n<meta name=\"robots\" content=\"index, follow, max-snippet:-1, max-image-preview:large, max-video-preview:-1\" \/>\n<link rel=\"canonical\" href=\"https:\/\/ditattoo.com\/en\/nhuong-quyen\/\" \/>\n<meta property=\"og:locale\" content=\"en_US\" \/>\n<meta property=\"og:type\" content=\"article\" \/>\n<meta property=\"og:title\" content=\"Nh\u01b0\u1ee3ng quy\u1ec1n - D\u1ecb Tattoo\" \/>\n<meta property=\"og:description\" content=\"Th\u01b0\u01a1ng Hi\u1ec7u D\u1ecb Tattoo \u2013 C\u01a1 H\u1ed9i Kinh Doanh V\u1eefng Ch\u1eafc T\u1eeb M\u1ed9t Th\u01b0\u01a1ng Hi\u1ec7u \u0110\u00e3 Kh\u1eb3ng \u0110\u1ecbnh T\u1eeb n\u0103m 2016 \u0111\u1ebfn nay, D\u1ecb Tattoo \u0111\u00e3 ph\u00e1t tri\u1ec3n th\u00e0nh chu\u1ed7i h\u1ec7 th\u1ed1ng x\u0103m h\u00ecnh ngh\u1ec7 thu\u1eadt chuy\u00ean nghi\u1ec7p v\u1edbi nhi\u1ec1u c\u01a1 s\u1edf tr\u00ean to\u00e0n qu\u1ed1c. V\u1edbi uy t\u00edn \u0111\u01b0\u1ee3c x\u00e2y d\u1ef1ng t\u1eeb ch\u1ea5t l\u01b0\u1ee3ng d\u1ecbch [&hellip;]\" \/>\n<meta property=\"og:url\" content=\"https:\/\/ditattoo.com\/en\/nhuong-quyen\/\" \/>\n<meta property=\"og:site_name\" content=\"D\u1ecb Tattoo\" \/>\n<meta property=\"article:modified_time\" content=\"2025-05-26T02:47:45+00:00\" \/>\n<meta property=\"og:image\" content=\"https:\/\/ditattoo.com\/wp-content\/uploads\/2025\/05\/ve-chung-toi.png\" \/>\n\t<meta property=\"og:image:width\" content=\"1000\" \/>\n\t<meta property=\"og:image:height\" content=\"824\" \/>\n\t<meta property=\"og:image:type\" content=\"image\/png\" \/>\n<meta name=\"twitter:card\" content=\"summary_large_image\" \/>\n<meta name=\"twitter:label1\" content=\"Est. reading time\" \/>\n\t<meta name=\"twitter:data1\" content=\"2 minutes\" \/>\n<script type=\"application\/ld+json\" class=\"yoast-schema-graph\">{\"@context\":\"https:\/\/schema.org\",\"@graph\":[{\"@type\":\"WebPage\",\"@id\":\"https:\/\/ditattoo.com\/nhuong-quyen\/\",\"url\":\"https:\/\/ditattoo.com\/nhuong-quyen\/\",\"name\":\"Nh\u01b0\u1ee3ng quy\u1ec1n - D\u1ecb Tattoo\",\"isPartOf\":{\"@id\":\"https:\/\/ditattoo.com\/#website\"},\"primaryImageOfPage\":{\"@id\":\"https:\/\/ditattoo.com\/nhuong-quyen\/#primaryimage\"},\"image\":{\"@id\":\"https:\/\/ditattoo.com\/nhuong-quyen\/#primaryimage\"},\"thumbnailUrl\":\"https:\/\/ditattoo.com\/wp-content\/uploads\/2025\/05\/ve-chung-toi.png\",\"datePublished\":\"2025-05-14T04:10:32+00:00\",\"dateModified\":\"2025-05-26T02:47:45+00:00\",\"breadcrumb\":{\"@id\":\"https:\/\/ditattoo.com\/nhuong-quyen\/#breadcrumb\"},\"inLanguage\":\"en-US\",\"potentialAction\":[{\"@type\":\"ReadAction\",\"target\":[\"https:\/\/ditattoo.com\/nhuong-quyen\/\"]}]},{\"@type\":\"ImageObject\",\"inLanguage\":\"en-US\",\"@id\":\"https:\/\/ditattoo.com\/nhuong-quyen\/#primaryimage\",\"url\":\"https:\/\/ditattoo.com\/wp-content\/uploads\/2025\/05\/ve-chung-toi.png\",\"contentUrl\":\"https:\/\/ditattoo.com\/wp-content\/uploads\/2025\/05\/ve-chung-toi.png\"},{\"@type\":\"BreadcrumbList\",\"@id\":\"https:\/\/ditattoo.com\/nhuong-quyen\/#breadcrumb\",\"itemListElement\":[{\"@type\":\"ListItem\",\"position\":1,\"name\":\"Home\",\"item\":\"https:\/\/ditattoo.com\/cinematic-home\/\"},{\"@type\":\"ListItem\",\"position\":2,\"name\":\"Nh\u01b0\u1ee3ng quy\u1ec1n\"}]},{\"@type\":\"WebSite\",\"@id\":\"https:\/\/ditattoo.com\/#website\",\"url\":\"https:\/\/ditattoo.com\/\",\"name\":\"D\u1ecb Tattoo\",\"description\":\"D\u1ecb Tattoo chu\u1ed7i c\u1eeda h\u00e0ng x\u0103m h\u00ecnh ngh\u1ec7 thu\u1eadt t\u1ea1i Vi\u1ec7t Nam\",\"publisher\":{\"@id\":\"https:\/\/ditattoo.com\/#organization\"},\"potentialAction\":[{\"@type\":\"SearchAction\",\"target\":{\"@type\":\"EntryPoint\",\"urlTemplate\":\"https:\/\/ditattoo.com\/?s={search_term_string}\"},\"query-input\":{\"@type\":\"PropertyValueSpecification\",\"valueRequired\":true,\"valueName\":\"search_term_string\"}}],\"inLanguage\":\"en-US\"},{\"@type\":\"Organization\",\"@id\":\"https:\/\/ditattoo.com\/#organization\",\"name\":\"D\u1ecb Tattoo\",\"url\":\"https:\/\/ditattoo.com\/\",\"logo\":{\"@type\":\"ImageObject\",\"inLanguage\":\"en-US\",\"@id\":\"https:\/\/ditattoo.com\/#\/schema\/logo\/image\/\",\"url\":\"https:\/\/ditattoo.com\/wp-content\/uploads\/2025\/05\/logo-white-01.png\",\"contentUrl\":\"https:\/\/ditattoo.com\/wp-content\/uploads\/2025\/05\/logo-white-01.png\",\"width\":1578,\"height\":676,\"caption\":\"D\u1ecb Tattoo\"},\"image\":{\"@id\":\"https:\/\/ditattoo.com\/#\/schema\/logo\/image\/\"}}]}<\/script>\n<!-- \/ Yoast SEO plugin. -->","yoast_head_json":{"title":"Nh\u01b0\u1ee3ng quy\u1ec1n - D\u1ecb Tattoo","robots":{"index":"index","follow":"follow","max-snippet":"max-snippet:-1","max-image-preview":"max-image-preview:large","max-video-preview":"max-video-preview:-1"},"canonical":"https:\/\/ditattoo.com\/en\/nhuong-quyen\/","og_locale":"en_US","og_type":"article","og_title":"Nh\u01b0\u1ee3ng quy\u1ec1n - D\u1ecb Tattoo","og_description":"Th\u01b0\u01a1ng Hi\u1ec7u D\u1ecb Tattoo \u2013 C\u01a1 H\u1ed9i Kinh Doanh V\u1eefng Ch\u1eafc T\u1eeb M\u1ed9t Th\u01b0\u01a1ng Hi\u1ec7u \u0110\u00e3 Kh\u1eb3ng \u0110\u1ecbnh T\u1eeb n\u0103m 2016 \u0111\u1ebfn nay, D\u1ecb Tattoo \u0111\u00e3 ph\u00e1t tri\u1ec3n th\u00e0nh chu\u1ed7i h\u1ec7 th\u1ed1ng x\u0103m h\u00ecnh ngh\u1ec7 thu\u1eadt chuy\u00ean nghi\u1ec7p v\u1edbi nhi\u1ec1u c\u01a1 s\u1edf tr\u00ean to\u00e0n qu\u1ed1c. V\u1edbi uy t\u00edn \u0111\u01b0\u1ee3c x\u00e2y d\u1ef1ng t\u1eeb ch\u1ea5t l\u01b0\u1ee3ng d\u1ecbch [&hellip;]","og_url":"https:\/\/ditattoo.com\/en\/nhuong-quyen\/","og_site_name":"D\u1ecb Tattoo","article_modified_time":"2025-05-26T02:47:45+00:00","og_image":[{"width":1000,"height":824,"url":"https:\/\/ditattoo.com\/wp-content\/uploads\/2025\/05\/ve-chung-toi.png","type":"image\/png"}],"twitter_card":"summary_large_image","twitter_misc":{"Est. reading time":"2 minutes"},"schema":{"@context":"https:\/\/schema.org","@graph":[{"@type":"WebPage","@id":"https:\/\/ditattoo.com\/nhuong-quyen\/","url":"https:\/\/ditattoo.com\/nhuong-quyen\/","name":"Nh\u01b0\u1ee3ng quy\u1ec1n - D\u1ecb Tattoo","isPartOf":{"@id":"https:\/\/ditattoo.com\/#website"},"primaryImageOfPage":{"@id":"https:\/\/ditattoo.com\/nhuong-quyen\/#primaryimage"},"image":{"@id":"https:\/\/ditattoo.com\/nhuong-quyen\/#primaryimage"},"thumbnailUrl":"https:\/\/ditattoo.com\/wp-content\/uploads\/2025\/05\/ve-chung-toi.png","datePublished":"2025-05-14T04:10:32+00:00","dateModified":"2025-05-26T02:47:45+00:00","breadcrumb":{"@id":"https:\/\/ditattoo.com\/nhuong-quyen\/#breadcrumb"},"inLanguage":"en-US","potentialAction":[{"@type":"ReadAction","target":["https:\/\/ditattoo.com\/nhuong-quyen\/"]}]},{"@type":"ImageObject","inLanguage":"en-US","@id":"https:\/\/ditattoo.com\/nhuong-quyen\/#primaryimage","url":"https:\/\/ditattoo.com\/wp-content\/uploads\/2025\/05\/ve-chung-toi.png","contentUrl":"https:\/\/ditattoo.com\/wp-content\/uploads\/2025\/05\/ve-chung-toi.png"},{"@type":"BreadcrumbList","@id":"https:\/\/ditattoo.com\/nhuong-quyen\/#breadcrumb","itemListElement":[{"@type":"ListItem","position":1,"name":"Home","item":"https:\/\/ditattoo.com\/cinematic-home\/"},{"@type":"ListItem","position":2,"name":"Nh\u01b0\u1ee3ng quy\u1ec1n"}]},{"@type":"WebSite","@id":"https:\/\/ditattoo.com\/#website","url":"https:\/\/ditattoo.com\/","name":"D\u1ecb Tattoo","description":"D\u1ecb Tattoo chu\u1ed7i c\u1eeda h\u00e0ng x\u0103m h\u00ecnh ngh\u1ec7 thu\u1eadt t\u1ea1i Vi\u1ec7t Nam","publisher":{"@id":"https:\/\/ditattoo.com\/#organization"},"potentialAction":[{"@type":"SearchAction","target":{"@type":"EntryPoint","urlTemplate":"https:\/\/ditattoo.com\/?s={search_term_string}"},"query-input":{"@type":"PropertyValueSpecification","valueRequired":true,"valueName":"search_term_string"}}],"inLanguage":"en-US"},{"@type":"Organization","@id":"https:\/\/ditattoo.com\/#organization","name":"D\u1ecb Tattoo","url":"https:\/\/ditattoo.com\/","logo":{"@type":"ImageObject","inLanguage":"en-US","@id":"https:\/\/ditattoo.com\/#\/schema\/logo\/image\/","url":"https:\/\/ditattoo.com\/wp-content\/uploads\/2025\/05\/logo-white-01.png","contentUrl":"https:\/\/ditattoo.com\/wp-content\/uploads\/2025\/05\/logo-white-01.png","width":1578,"height":676,"caption":"D\u1ecb Tattoo"},"image":{"@id":"https:\/\/ditattoo.com\/#\/schema\/logo\/image\/"}}]}},"_links":{"self":[{"href":"https:\/\/ditattoo.com\/en\/wp-json\/wp\/v2\/pages\/165","targetHints":{"allow":["GET"]}}],"collection":[{"href":"https:\/\/ditattoo.com\/en\/wp-json\/wp\/v2\/pages"}],"about":[{"href":"https:\/\/ditattoo.com\/en\/wp-json\/wp\/v2\/types\/page"}],"author":[{"embeddable":true,"href":"https:\/\/ditattoo.com\/en\/wp-json\/wp\/v2\/users\/1"}],"replies":[{"embeddable":true,"href":"https:\/\/ditattoo.com\/en\/wp-json\/wp\/v2\/comments?post=165"}],"version-history":[{"count":7,"href":"https:\/\/ditattoo.com\/en\/wp-json\/wp\/v2\/pages\/165\/revisions"}],"predecessor-version":[{"id":607,"href":"https:\/\/ditattoo.com\/en\/wp-json\/wp\/v2\/pages\/165\/revisions\/607"}],"wp:attachment":[{"href":"https:\/\/ditattoo.com\/en\/wp-json\/wp\/v2\/media?parent=165"}],"curies":[{"name":"wp","href":"https:\/\/api.w.org\/{rel}","templated":true}]}}