{"id":168,"date":"2025-05-14T04:11:07","date_gmt":"2025-05-14T04:11:07","guid":{"rendered":"https:\/\/ditattoo.com\/?page_id=168"},"modified":"2025-11-11T07:56:15","modified_gmt":"2025-11-11T07:56:15","slug":"lien-he","status":"publish","type":"page","link":"https:\/\/ditattoo.com\/en\/lien-he\/","title":{"rendered":"Contact"},"content":{"rendered":"<p>Contact Di Tattoo \u2013 We Are Always Ready to Listen<\/p>\n\n\n\n<p>Whether you need tattoo consultation, want to book an appointment, register a student or cooperate with the brand, the Di Tattoo team is always ready to support you quickly and wholeheartedly.<\/p>\n\n\n\n<p><\/p>","protected":false},"excerpt":{"rendered":"<p>Li\u00ean H\u1ec7 V\u1edbi D\u1ecb Tattoo \u2013 Ch\u00fang T\u00f4i Lu\u00f4n S\u1eb5n S\u00e0ng L\u1eafng Nghe D\u00f9 b\u1ea1n c\u1ea7n t\u01b0 v\u1ea5n x\u0103m h\u00ecnh, mu\u1ed1n \u0111\u1eb7t l\u1ecbch, \u0111\u0103ng k\u00fd h\u1ecdc vi\u00ean hay h\u1ee3p t\u00e1c c\u00f9ng th\u01b0\u01a1ng hi\u1ec7u, \u0111\u1ed9i ng\u0169 D\u1ecb Tattoo lu\u00f4n s\u1eb5n s\u00e0ng h\u1ed7 tr\u1ee3 b\u1ea1n nhanh ch\u00f3ng v\u00e0 t\u1eadn t\u00e2m nh\u1ea5t.<\/p>","protected":false},"author":1,"featured_media":0,"parent":0,"menu_order":0,"comment_status":"closed","ping_status":"closed","template":"page-template\/contact.php","meta":{"footnotes":""},"class_list":["post-168","page","type-page","status-publish","hentry"],"yoast_head":"<!-- This site is optimized with the Yoast SEO plugin v24.9 - https:\/\/yoast.com\/wordpress\/plugins\/seo\/ -->\n<title>Li\u00ean H\u1ec7 - D\u1ecb Tattoo<\/title>\n<meta name=\"robots\" content=\"index, follow, max-snippet:-1, max-image-preview:large, max-video-preview:-1\" \/>\n<link rel=\"canonical\" href=\"https:\/\/ditattoo.com\/en\/lien-he\/\" \/>\n<meta property=\"og:locale\" content=\"en_US\" \/>\n<meta property=\"og:type\" content=\"article\" \/>\n<meta property=\"og:title\" content=\"Li\u00ean H\u1ec7 - D\u1ecb Tattoo\" \/>\n<meta property=\"og:description\" content=\"Li\u00ean H\u1ec7 V\u1edbi D\u1ecb Tattoo \u2013 Ch\u00fang T\u00f4i Lu\u00f4n S\u1eb5n S\u00e0ng L\u1eafng Nghe D\u00f9 b\u1ea1n c\u1ea7n t\u01b0 v\u1ea5n x\u0103m h\u00ecnh, mu\u1ed1n \u0111\u1eb7t l\u1ecbch, \u0111\u0103ng k\u00fd h\u1ecdc vi\u00ean hay h\u1ee3p t\u00e1c c\u00f9ng th\u01b0\u01a1ng hi\u1ec7u, \u0111\u1ed9i ng\u0169 D\u1ecb Tattoo lu\u00f4n s\u1eb5n s\u00e0ng h\u1ed7 tr\u1ee3 b\u1ea1n nhanh ch\u00f3ng v\u00e0 t\u1eadn t\u00e2m nh\u1ea5t.\" \/>\n<meta property=\"og:url\" content=\"https:\/\/ditattoo.com\/en\/lien-he\/\" \/>\n<meta property=\"og:site_name\" content=\"D\u1ecb Tattoo\" \/>\n<meta property=\"article:modified_time\" content=\"2025-11-11T07:56:15+00:00\" \/>\n<meta name=\"twitter:card\" content=\"summary_large_image\" \/>\n<meta name=\"twitter:label1\" content=\"Est. reading time\" \/>\n\t<meta name=\"twitter:data1\" content=\"1 minute\" \/>\n<script type=\"application\/ld+json\" class=\"yoast-schema-graph\">{\"@context\":\"https:\/\/schema.org\",\"@graph\":[{\"@type\":\"WebPage\",\"@id\":\"https:\/\/ditattoo.com\/lien-he\/\",\"url\":\"https:\/\/ditattoo.com\/lien-he\/\",\"name\":\"Li\u00ean H\u1ec7 - D\u1ecb Tattoo\",\"isPartOf\":{\"@id\":\"https:\/\/ditattoo.com\/#website\"},\"datePublished\":\"2025-05-14T04:11:07+00:00\",\"dateModified\":\"2025-11-11T07:56:15+00:00\",\"breadcrumb\":{\"@id\":\"https:\/\/ditattoo.com\/lien-he\/#breadcrumb\"},\"inLanguage\":\"en-US\",\"potentialAction\":[{\"@type\":\"ReadAction\",\"target\":[\"https:\/\/ditattoo.com\/lien-he\/\"]}]},{\"@type\":\"BreadcrumbList\",\"@id\":\"https:\/\/ditattoo.com\/lien-he\/#breadcrumb\",\"itemListElement\":[{\"@type\":\"ListItem\",\"position\":1,\"name\":\"Home\",\"item\":\"https:\/\/ditattoo.com\/cinematic-home\/\"},{\"@type\":\"ListItem\",\"position\":2,\"name\":\"Li\u00ean H\u1ec7\"}]},{\"@type\":\"WebSite\",\"@id\":\"https:\/\/ditattoo.com\/#website\",\"url\":\"https:\/\/ditattoo.com\/\",\"name\":\"D\u1ecb Tattoo\",\"description\":\"D\u1ecb Tattoo chu\u1ed7i c\u1eeda h\u00e0ng x\u0103m h\u00ecnh ngh\u1ec7 thu\u1eadt t\u1ea1i Vi\u1ec7t Nam\",\"publisher\":{\"@id\":\"https:\/\/ditattoo.com\/#organization\"},\"potentialAction\":[{\"@type\":\"SearchAction\",\"target\":{\"@type\":\"EntryPoint\",\"urlTemplate\":\"https:\/\/ditattoo.com\/?s={search_term_string}\"},\"query-input\":{\"@type\":\"PropertyValueSpecification\",\"valueRequired\":true,\"valueName\":\"search_term_string\"}}],\"inLanguage\":\"en-US\"},{\"@type\":\"Organization\",\"@id\":\"https:\/\/ditattoo.com\/#organization\",\"name\":\"D\u1ecb Tattoo\",\"url\":\"https:\/\/ditattoo.com\/\",\"logo\":{\"@type\":\"ImageObject\",\"inLanguage\":\"en-US\",\"@id\":\"https:\/\/ditattoo.com\/#\/schema\/logo\/image\/\",\"url\":\"https:\/\/ditattoo.com\/wp-content\/uploads\/2025\/05\/logo-white-01.png\",\"contentUrl\":\"https:\/\/ditattoo.com\/wp-content\/uploads\/2025\/05\/logo-white-01.png\",\"width\":1578,\"height\":676,\"caption\":\"D\u1ecb Tattoo\"},\"image\":{\"@id\":\"https:\/\/ditattoo.com\/#\/schema\/logo\/image\/\"}}]}<\/script>\n<!-- \/ Yoast SEO plugin. -->","yoast_head_json":{"title":"Li\u00ean H\u1ec7 - D\u1ecb Tattoo","robots":{"index":"index","follow":"follow","max-snippet":"max-snippet:-1","max-image-preview":"max-image-preview:large","max-video-preview":"max-video-preview:-1"},"canonical":"https:\/\/ditattoo.com\/en\/lien-he\/","og_locale":"en_US","og_type":"article","og_title":"Li\u00ean H\u1ec7 - D\u1ecb Tattoo","og_description":"Li\u00ean H\u1ec7 V\u1edbi D\u1ecb Tattoo \u2013 Ch\u00fang T\u00f4i Lu\u00f4n S\u1eb5n S\u00e0ng L\u1eafng Nghe D\u00f9 b\u1ea1n c\u1ea7n t\u01b0 v\u1ea5n x\u0103m h\u00ecnh, mu\u1ed1n \u0111\u1eb7t l\u1ecbch, \u0111\u0103ng k\u00fd h\u1ecdc vi\u00ean hay h\u1ee3p t\u00e1c c\u00f9ng th\u01b0\u01a1ng hi\u1ec7u, \u0111\u1ed9i ng\u0169 D\u1ecb Tattoo lu\u00f4n s\u1eb5n s\u00e0ng h\u1ed7 tr\u1ee3 b\u1ea1n nhanh ch\u00f3ng v\u00e0 t\u1eadn t\u00e2m nh\u1ea5t.","og_url":"https:\/\/ditattoo.com\/en\/lien-he\/","og_site_name":"D\u1ecb Tattoo","article_modified_time":"2025-11-11T07:56:15+00:00","twitter_card":"summary_large_image","twitter_misc":{"Est. reading time":"1 minute"},"schema":{"@context":"https:\/\/schema.org","@graph":[{"@type":"WebPage","@id":"https:\/\/ditattoo.com\/lien-he\/","url":"https:\/\/ditattoo.com\/lien-he\/","name":"Li\u00ean H\u1ec7 - D\u1ecb Tattoo","isPartOf":{"@id":"https:\/\/ditattoo.com\/#website"},"datePublished":"2025-05-14T04:11:07+00:00","dateModified":"2025-11-11T07:56:15+00:00","breadcrumb":{"@id":"https:\/\/ditattoo.com\/lien-he\/#breadcrumb"},"inLanguage":"en-US","potentialAction":[{"@type":"ReadAction","target":["https:\/\/ditattoo.com\/lien-he\/"]}]},{"@type":"BreadcrumbList","@id":"https:\/\/ditattoo.com\/lien-he\/#breadcrumb","itemListElement":[{"@type":"ListItem","position":1,"name":"Home","item":"https:\/\/ditattoo.com\/cinematic-home\/"},{"@type":"ListItem","position":2,"name":"Li\u00ean H\u1ec7"}]},{"@type":"WebSite","@id":"https:\/\/ditattoo.com\/#website","url":"https:\/\/ditattoo.com\/","name":"D\u1ecb Tattoo","description":"D\u1ecb Tattoo chu\u1ed7i c\u1eeda h\u00e0ng x\u0103m h\u00ecnh ngh\u1ec7 thu\u1eadt t\u1ea1i Vi\u1ec7t Nam","publisher":{"@id":"https:\/\/ditattoo.com\/#organization"},"potentialAction":[{"@type":"SearchAction","target":{"@type":"EntryPoint","urlTemplate":"https:\/\/ditattoo.com\/?s={search_term_string}"},"query-input":{"@type":"PropertyValueSpecification","valueRequired":true,"valueName":"search_term_string"}}],"inLanguage":"en-US"},{"@type":"Organization","@id":"https:\/\/ditattoo.com\/#organization","name":"D\u1ecb Tattoo","url":"https:\/\/ditattoo.com\/","logo":{"@type":"ImageObject","inLanguage":"en-US","@id":"https:\/\/ditattoo.com\/#\/schema\/logo\/image\/","url":"https:\/\/ditattoo.com\/wp-content\/uploads\/2025\/05\/logo-white-01.png","contentUrl":"https:\/\/ditattoo.com\/wp-content\/uploads\/2025\/05\/logo-white-01.png","width":1578,"height":676,"caption":"D\u1ecb Tattoo"},"image":{"@id":"https:\/\/ditattoo.com\/#\/schema\/logo\/image\/"}}]}},"_links":{"self":[{"href":"https:\/\/ditattoo.com\/en\/wp-json\/wp\/v2\/pages\/168","targetHints":{"allow":["GET"]}}],"collection":[{"href":"https:\/\/ditattoo.com\/en\/wp-json\/wp\/v2\/pages"}],"about":[{"href":"https:\/\/ditattoo.com\/en\/wp-json\/wp\/v2\/types\/page"}],"author":[{"embeddable":true,"href":"https:\/\/ditattoo.com\/en\/wp-json\/wp\/v2\/users\/1"}],"replies":[{"embeddable":true,"href":"https:\/\/ditattoo.com\/en\/wp-json\/wp\/v2\/comments?post=168"}],"version-history":[{"count":11,"href":"https:\/\/ditattoo.com\/en\/wp-json\/wp\/v2\/pages\/168\/revisions"}],"predecessor-version":[{"id":2414,"href":"https:\/\/ditattoo.com\/en\/wp-json\/wp\/v2\/pages\/168\/revisions\/2414"}],"wp:attachment":[{"href":"https:\/\/ditattoo.com\/en\/wp-json\/wp\/v2\/media?parent=168"}],"curies":[{"name":"wp","href":"https:\/\/api.w.org\/{rel}","templated":true}]}}