{"id":170,"date":"2025-05-14T04:11:22","date_gmt":"2025-05-14T04:11:22","guid":{"rendered":"https:\/\/ditattoo.com\/?page_id=170"},"modified":"2025-05-15T07:12:31","modified_gmt":"2025-05-15T07:12:31","slug":"tuyen-dung","status":"publish","type":"page","link":"https:\/\/ditattoo.com\/en\/tuyen-dung\/","title":{"rendered":"Recruitment"},"content":{"rendered":"<h3 class=\"wp-block-heading\">Join Di Tattoo \u2013 Turn Passion Into Career<\/h3>\n\n\n\n<p><\/p>\n\n\n\n<p>Do you love tattoo art? Do you want to work in a creative, professional and inspiring environment? Di Tattoo always welcomes enthusiastic, talented individuals who are ready to break through with us.<\/p>\n\n\n\n<p><\/p>","protected":false},"excerpt":{"rendered":"<p>Gia Nh\u1eadp D\u1ecb Tattoo \u2013 Bi\u1ebfn \u0110am M\u00ea Th\u00e0nh S\u1ef1 Nghi\u1ec7p B\u1ea1n y\u00eau ngh\u1ec7 thu\u1eadt x\u0103m h\u00ecnh? B\u1ea1n mu\u1ed1n l\u00e0m vi\u1ec7c trong m\u1ed9t m\u00f4i tr\u01b0\u1eddng s\u00e1ng t\u1ea1o, chuy\u00ean nghi\u1ec7p v\u00e0 \u0111\u1ea7y c\u1ea3m h\u1ee9ng? D\u1ecb Tattoo lu\u00f4n ch\u00e0o \u0111\u00f3n nh\u1eefng c\u00e1 nh\u00e2n nhi\u1ec7t huy\u1ebft, t\u00e0i n\u0103ng v\u00e0 s\u1eb5n s\u00e0ng b\u1ee9t ph\u00e1 c\u00f9ng ch\u00fang t\u00f4i.<\/p>","protected":false},"author":1,"featured_media":0,"parent":0,"menu_order":0,"comment_status":"closed","ping_status":"closed","template":"page-template\/tuyen-dung.php","meta":{"footnotes":""},"class_list":["post-170","page","type-page","status-publish","hentry"],"yoast_head":"<!-- This site is optimized with the Yoast SEO plugin v24.9 - https:\/\/yoast.com\/wordpress\/plugins\/seo\/ -->\n<title>Tuy\u1ec3n d\u1ee5ng - D\u1ecb Tattoo<\/title>\n<meta name=\"robots\" content=\"index, follow, max-snippet:-1, max-image-preview:large, max-video-preview:-1\" \/>\n<link rel=\"canonical\" href=\"https:\/\/ditattoo.com\/en\/tuyen-dung\/\" \/>\n<meta property=\"og:locale\" content=\"en_US\" \/>\n<meta property=\"og:type\" content=\"article\" \/>\n<meta property=\"og:title\" content=\"Tuy\u1ec3n d\u1ee5ng - D\u1ecb Tattoo\" \/>\n<meta property=\"og:description\" content=\"Gia Nh\u1eadp D\u1ecb Tattoo \u2013 Bi\u1ebfn \u0110am M\u00ea Th\u00e0nh S\u1ef1 Nghi\u1ec7p B\u1ea1n y\u00eau ngh\u1ec7 thu\u1eadt x\u0103m h\u00ecnh? B\u1ea1n mu\u1ed1n l\u00e0m vi\u1ec7c trong m\u1ed9t m\u00f4i tr\u01b0\u1eddng s\u00e1ng t\u1ea1o, chuy\u00ean nghi\u1ec7p v\u00e0 \u0111\u1ea7y c\u1ea3m h\u1ee9ng? D\u1ecb Tattoo lu\u00f4n ch\u00e0o \u0111\u00f3n nh\u1eefng c\u00e1 nh\u00e2n nhi\u1ec7t huy\u1ebft, t\u00e0i n\u0103ng v\u00e0 s\u1eb5n s\u00e0ng b\u1ee9t ph\u00e1 c\u00f9ng ch\u00fang t\u00f4i.\" \/>\n<meta property=\"og:url\" content=\"https:\/\/ditattoo.com\/en\/tuyen-dung\/\" \/>\n<meta property=\"og:site_name\" content=\"D\u1ecb Tattoo\" \/>\n<meta property=\"article:modified_time\" content=\"2025-05-15T07:12:31+00:00\" \/>\n<meta name=\"twitter:card\" content=\"summary_large_image\" \/>\n<meta name=\"twitter:label1\" content=\"Est. reading time\" \/>\n\t<meta name=\"twitter:data1\" content=\"1 minute\" \/>\n<script type=\"application\/ld+json\" class=\"yoast-schema-graph\">{\"@context\":\"https:\/\/schema.org\",\"@graph\":[{\"@type\":\"WebPage\",\"@id\":\"https:\/\/ditattoo.com\/tuyen-dung\/\",\"url\":\"https:\/\/ditattoo.com\/tuyen-dung\/\",\"name\":\"Tuy\u1ec3n d\u1ee5ng - D\u1ecb Tattoo\",\"isPartOf\":{\"@id\":\"https:\/\/ditattoo.com\/#website\"},\"datePublished\":\"2025-05-14T04:11:22+00:00\",\"dateModified\":\"2025-05-15T07:12:31+00:00\",\"breadcrumb\":{\"@id\":\"https:\/\/ditattoo.com\/tuyen-dung\/#breadcrumb\"},\"inLanguage\":\"en-US\",\"potentialAction\":[{\"@type\":\"ReadAction\",\"target\":[\"https:\/\/ditattoo.com\/tuyen-dung\/\"]}]},{\"@type\":\"BreadcrumbList\",\"@id\":\"https:\/\/ditattoo.com\/tuyen-dung\/#breadcrumb\",\"itemListElement\":[{\"@type\":\"ListItem\",\"position\":1,\"name\":\"Home\",\"item\":\"https:\/\/ditattoo.com\/cinematic-home\/\"},{\"@type\":\"ListItem\",\"position\":2,\"name\":\"Tuy\u1ec3n d\u1ee5ng\"}]},{\"@type\":\"WebSite\",\"@id\":\"https:\/\/ditattoo.com\/#website\",\"url\":\"https:\/\/ditattoo.com\/\",\"name\":\"D\u1ecb Tattoo\",\"description\":\"D\u1ecb Tattoo chu\u1ed7i c\u1eeda h\u00e0ng x\u0103m h\u00ecnh ngh\u1ec7 thu\u1eadt t\u1ea1i Vi\u1ec7t Nam\",\"publisher\":{\"@id\":\"https:\/\/ditattoo.com\/#organization\"},\"potentialAction\":[{\"@type\":\"SearchAction\",\"target\":{\"@type\":\"EntryPoint\",\"urlTemplate\":\"https:\/\/ditattoo.com\/?s={search_term_string}\"},\"query-input\":{\"@type\":\"PropertyValueSpecification\",\"valueRequired\":true,\"valueName\":\"search_term_string\"}}],\"inLanguage\":\"en-US\"},{\"@type\":\"Organization\",\"@id\":\"https:\/\/ditattoo.com\/#organization\",\"name\":\"D\u1ecb Tattoo\",\"url\":\"https:\/\/ditattoo.com\/\",\"logo\":{\"@type\":\"ImageObject\",\"inLanguage\":\"en-US\",\"@id\":\"https:\/\/ditattoo.com\/#\/schema\/logo\/image\/\",\"url\":\"https:\/\/ditattoo.com\/wp-content\/uploads\/2025\/05\/logo-white-01.png\",\"contentUrl\":\"https:\/\/ditattoo.com\/wp-content\/uploads\/2025\/05\/logo-white-01.png\",\"width\":1578,\"height\":676,\"caption\":\"D\u1ecb Tattoo\"},\"image\":{\"@id\":\"https:\/\/ditattoo.com\/#\/schema\/logo\/image\/\"}}]}<\/script>\n<!-- \/ Yoast SEO plugin. -->","yoast_head_json":{"title":"Tuy\u1ec3n d\u1ee5ng - D\u1ecb Tattoo","robots":{"index":"index","follow":"follow","max-snippet":"max-snippet:-1","max-image-preview":"max-image-preview:large","max-video-preview":"max-video-preview:-1"},"canonical":"https:\/\/ditattoo.com\/en\/tuyen-dung\/","og_locale":"en_US","og_type":"article","og_title":"Tuy\u1ec3n d\u1ee5ng - D\u1ecb Tattoo","og_description":"Gia Nh\u1eadp D\u1ecb Tattoo \u2013 Bi\u1ebfn \u0110am M\u00ea Th\u00e0nh S\u1ef1 Nghi\u1ec7p B\u1ea1n y\u00eau ngh\u1ec7 thu\u1eadt x\u0103m h\u00ecnh? B\u1ea1n mu\u1ed1n l\u00e0m vi\u1ec7c trong m\u1ed9t m\u00f4i tr\u01b0\u1eddng s\u00e1ng t\u1ea1o, chuy\u00ean nghi\u1ec7p v\u00e0 \u0111\u1ea7y c\u1ea3m h\u1ee9ng? D\u1ecb Tattoo lu\u00f4n ch\u00e0o \u0111\u00f3n nh\u1eefng c\u00e1 nh\u00e2n nhi\u1ec7t huy\u1ebft, t\u00e0i n\u0103ng v\u00e0 s\u1eb5n s\u00e0ng b\u1ee9t ph\u00e1 c\u00f9ng ch\u00fang t\u00f4i.","og_url":"https:\/\/ditattoo.com\/en\/tuyen-dung\/","og_site_name":"D\u1ecb Tattoo","article_modified_time":"2025-05-15T07:12:31+00:00","twitter_card":"summary_large_image","twitter_misc":{"Est. reading time":"1 minute"},"schema":{"@context":"https:\/\/schema.org","@graph":[{"@type":"WebPage","@id":"https:\/\/ditattoo.com\/tuyen-dung\/","url":"https:\/\/ditattoo.com\/tuyen-dung\/","name":"Tuy\u1ec3n d\u1ee5ng - D\u1ecb Tattoo","isPartOf":{"@id":"https:\/\/ditattoo.com\/#website"},"datePublished":"2025-05-14T04:11:22+00:00","dateModified":"2025-05-15T07:12:31+00:00","breadcrumb":{"@id":"https:\/\/ditattoo.com\/tuyen-dung\/#breadcrumb"},"inLanguage":"en-US","potentialAction":[{"@type":"ReadAction","target":["https:\/\/ditattoo.com\/tuyen-dung\/"]}]},{"@type":"BreadcrumbList","@id":"https:\/\/ditattoo.com\/tuyen-dung\/#breadcrumb","itemListElement":[{"@type":"ListItem","position":1,"name":"Home","item":"https:\/\/ditattoo.com\/cinematic-home\/"},{"@type":"ListItem","position":2,"name":"Tuy\u1ec3n d\u1ee5ng"}]},{"@type":"WebSite","@id":"https:\/\/ditattoo.com\/#website","url":"https:\/\/ditattoo.com\/","name":"D\u1ecb Tattoo","description":"D\u1ecb Tattoo chu\u1ed7i c\u1eeda h\u00e0ng x\u0103m h\u00ecnh ngh\u1ec7 thu\u1eadt t\u1ea1i Vi\u1ec7t Nam","publisher":{"@id":"https:\/\/ditattoo.com\/#organization"},"potentialAction":[{"@type":"SearchAction","target":{"@type":"EntryPoint","urlTemplate":"https:\/\/ditattoo.com\/?s={search_term_string}"},"query-input":{"@type":"PropertyValueSpecification","valueRequired":true,"valueName":"search_term_string"}}],"inLanguage":"en-US"},{"@type":"Organization","@id":"https:\/\/ditattoo.com\/#organization","name":"D\u1ecb Tattoo","url":"https:\/\/ditattoo.com\/","logo":{"@type":"ImageObject","inLanguage":"en-US","@id":"https:\/\/ditattoo.com\/#\/schema\/logo\/image\/","url":"https:\/\/ditattoo.com\/wp-content\/uploads\/2025\/05\/logo-white-01.png","contentUrl":"https:\/\/ditattoo.com\/wp-content\/uploads\/2025\/05\/logo-white-01.png","width":1578,"height":676,"caption":"D\u1ecb Tattoo"},"image":{"@id":"https:\/\/ditattoo.com\/#\/schema\/logo\/image\/"}}]}},"_links":{"self":[{"href":"https:\/\/ditattoo.com\/en\/wp-json\/wp\/v2\/pages\/170","targetHints":{"allow":["GET"]}}],"collection":[{"href":"https:\/\/ditattoo.com\/en\/wp-json\/wp\/v2\/pages"}],"about":[{"href":"https:\/\/ditattoo.com\/en\/wp-json\/wp\/v2\/types\/page"}],"author":[{"embeddable":true,"href":"https:\/\/ditattoo.com\/en\/wp-json\/wp\/v2\/users\/1"}],"replies":[{"embeddable":true,"href":"https:\/\/ditattoo.com\/en\/wp-json\/wp\/v2\/comments?post=170"}],"version-history":[{"count":4,"href":"https:\/\/ditattoo.com\/en\/wp-json\/wp\/v2\/pages\/170\/revisions"}],"predecessor-version":[{"id":360,"href":"https:\/\/ditattoo.com\/en\/wp-json\/wp\/v2\/pages\/170\/revisions\/360"}],"wp:attachment":[{"href":"https:\/\/ditattoo.com\/en\/wp-json\/wp\/v2\/media?parent=170"}],"curies":[{"name":"wp","href":"https:\/\/api.w.org\/{rel}","templated":true}]}}